{"id":11544,"date":"2020-03-12T17:37:12","date_gmt":"2020-03-12T17:37:12","guid":{"rendered":"https:\/\/cafecrem.shortcode.es\/producto\/red-tea-orange-lemon-bulk\/"},"modified":"2025-03-04T19:28:12","modified_gmt":"2025-03-04T19:28:12","slug":"red-tea-orange-lemon-bulk","status":"publish","type":"product","link":"https:\/\/cafecrem.com\/en\/product\/red-tea-orange-lemon-bulk\/","title":{"rendered":"Red Tea &#8211; Orange-Lemon &#8211; Bulk"},"content":{"rendered":"<p style=\"margin:0px 0px 10px;padding:0px;border:0px;font-size:15px;line-height:20px;font-family:Lato;vertical-align:baseline;color:#2f1a13;background-color:#ffffff;\">Red tea with orange and lemon peel and aroma.<\/p>\n<p style=\"margin:0px 0px 10px;padding:0px;border:0px;font-size:15px;line-height:20px;font-family:Lato;vertical-align:baseline;color:#2f1a13;background-color:#ffffff;\">Our citrus fruits soften the typical slightly bitter taste of red tea.<\/p>\n","protected":false},"excerpt":{"rendered":"<p>T\u00e9 rojo con c\u00e1scara y aroma de naranja y lim\u00f3n.<\/p>\n<p>* The indicated price corresponds only to the inner bag (100 gr.). The price with the can is \u20ac13.73. The can can also be purchased in this online shop. <\/p>\n","protected":false},"featured_media":10940,"template":"","meta":{"inline_featured_image":false},"product_brand":[],"product_cat":[516,513],"product_tag":[],"class_list":{"0":"post-11544","1":"product","2":"type-product","3":"status-publish","4":"has-post-thumbnail","6":"product_cat-ideal-infusiones-granel","7":"product_cat-teas-and-infusions","9":"first","10":"instock","11":"taxable","12":"shipping-taxable","13":"purchasable","14":"product-type-simple"},"_links":{"self":[{"href":"https:\/\/cafecrem.com\/en\/wp-json\/wp\/v2\/product\/11544","targetHints":{"allow":["GET"]}}],"collection":[{"href":"https:\/\/cafecrem.com\/en\/wp-json\/wp\/v2\/product"}],"about":[{"href":"https:\/\/cafecrem.com\/en\/wp-json\/wp\/v2\/types\/product"}],"wp:featuredmedia":[{"embeddable":true,"href":"https:\/\/cafecrem.com\/en\/wp-json\/wp\/v2\/media\/10940"}],"wp:attachment":[{"href":"https:\/\/cafecrem.com\/en\/wp-json\/wp\/v2\/media?parent=11544"}],"wp:term":[{"taxonomy":"product_brand","embeddable":true,"href":"https:\/\/cafecrem.com\/en\/wp-json\/wp\/v2\/product_brand?post=11544"},{"taxonomy":"product_cat","embeddable":true,"href":"https:\/\/cafecrem.com\/en\/wp-json\/wp\/v2\/product_cat?post=11544"},{"taxonomy":"product_tag","embeddable":true,"href":"https:\/\/cafecrem.com\/en\/wp-json\/wp\/v2\/product_tag?post=11544"}],"curies":[{"name":"wp","href":"https:\/\/api.w.org\/{rel}","templated":true}]}}