{"id":8243,"date":"2020-06-01T16:35:39","date_gmt":"2020-06-01T16:35:39","guid":{"rendered":"https:\/\/cafecrem.com\/?page_id=8243"},"modified":"2020-06-01T16:35:39","modified_gmt":"2020-06-01T16:35:39","slug":"clausula-informativa-lopd-y-lssi-ce","status":"publish","type":"page","link":"https:\/\/cafecrem.com\/en\/clausula-informativa-lopd-y-lssi-ce\/","title":{"rendered":"Cl\u00e1usula informativa LOPD y LSSI-CE"},"content":{"rendered":"<div class=\"wpb-content-wrapper\"><div class=\"vc_row wpb_row vc_row-fluid vc_custom_1452796010138  \">\n<div class=\"vc_span12 wpb_column vc_column_container \">\n<div class=\"vc_column-inner \">\n<div class=\"wpb_wrapper\">\n<div class=\"wpb_text_column wpb_content_element   ct_wurdca5j1pfdazw0xj90\">\n<div class=\"wpb_wrapper\">\n<p>De conformidad con lo que establece la Ley Org\u00e1nica 15\/1999, de 13 de diciembre, de Protecci\u00f3n de Datos de Car\u00e1cter Personal, le informamos que sus datos ser\u00e1n incorporados a un fichero bajo la responsabilidad de GRUP DE DISTRIBUCIO COSTA BRAVA SA con la finalidad de poder atender los compromisos derivados de la relaci\u00f3n que mantenemos con usted.<\/p>\n<p>Puede ejercer sus derechos de acceso, cancelaci\u00f3n, rectificaci\u00f3n y oposici\u00f3n mediante un escrito a nuestra direcci\u00f3n: POL. IND. BOSC DE CAN CUCA C\/ TALLERS N\u00ba18 SILS 17410 GIRONA<\/p>\n<p>Mientras no nos comunique lo contrario, entenderemos que sus datos no han sido modificados, que usted se compromete a notificarnos cualquier variaci\u00f3n y que contamos con su consentimiento para el tratamiento de los mismos.<\/p>\n<p>As\u00ed mismo y de acuerdo con lo establecido en la Ley 34\/2002, de 11 de julio, de Servicios de la Sociedad de la Informaci\u00f3n y de Comercio Electr\u00f3nico, en su art\u00edculo 21, solicitamos tambi\u00e9n su consentimiento expreso para enviarle publicidad de nuestros productos o promociones que consideremos puedan ser de su inter\u00e9s, por correo electr\u00f3nico o por cualquier otro medio de comunicaci\u00f3n electr\u00f3nica equivalente.<\/p>\n<p>\u25a1 He le\u00eddo y acepto recibir publicidad o informaci\u00f3n promocional de GRUP DE DISTRIBUCIO COSTA BRAVA SA<\/p>\n<p>\u25a1 He le\u00eddo y no acepto recibir publicidad o informaci\u00f3n promocional de GRUP DE DISTRIBUCIO COSTA BRAVA SA<\/p>\n<p>Le informamos que podr\u00e1 revocar en cualquier momento el consentimiento prestado a la recepci\u00f3n de comunicaciones comerciales enviando un e-mail a la direcci\u00f3n de correo electr\u00f3nico <a href=\"mailto:info@cafecrem.com\">info@cafecrem.com<\/a><\/p>\n<\/div>\n<\/div>\n<\/div>\n<\/div>\n<\/div>\n<\/div>\n<\/div>","protected":false},"excerpt":{"rendered":"<p>De conformidad con lo que establece la Ley Org\u00e1nica 15\/1999, de 13 de diciembre, de Protecci\u00f3n de Datos de Car\u00e1cter Personal, le informamos que sus datos ser\u00e1n incorporados a un fichero bajo la responsabilidad de GRUP DE DISTRIBUCIO COSTA BRAVA SA con la finalidad de poder atender los compromisos derivados de la relaci\u00f3n que mantenemos [&hellip;]<\/p>\n","protected":false},"author":1,"featured_media":0,"parent":0,"menu_order":0,"comment_status":"closed","ping_status":"closed","template":"","meta":{"inline_featured_image":false,"footnotes":""},"class_list":["post-8243","page","type-page","status-publish","hentry"],"_links":{"self":[{"href":"https:\/\/cafecrem.com\/en\/wp-json\/wp\/v2\/pages\/8243","targetHints":{"allow":["GET"]}}],"collection":[{"href":"https:\/\/cafecrem.com\/en\/wp-json\/wp\/v2\/pages"}],"about":[{"href":"https:\/\/cafecrem.com\/en\/wp-json\/wp\/v2\/types\/page"}],"author":[{"embeddable":true,"href":"https:\/\/cafecrem.com\/en\/wp-json\/wp\/v2\/users\/1"}],"replies":[{"embeddable":true,"href":"https:\/\/cafecrem.com\/en\/wp-json\/wp\/v2\/comments?post=8243"}],"version-history":[{"count":1,"href":"https:\/\/cafecrem.com\/en\/wp-json\/wp\/v2\/pages\/8243\/revisions"}],"predecessor-version":[{"id":8244,"href":"https:\/\/cafecrem.com\/en\/wp-json\/wp\/v2\/pages\/8243\/revisions\/8244"}],"wp:attachment":[{"href":"https:\/\/cafecrem.com\/en\/wp-json\/wp\/v2\/media?parent=8243"}],"curies":[{"name":"wp","href":"https:\/\/api.w.org\/{rel}","templated":true}]}}