{"id":11280,"date":"2020-02-17T16:37:21","date_gmt":"2020-02-17T16:37:21","guid":{"rendered":"https:\/\/cafecrem.shortcode.es\/home-2\/"},"modified":"2025-03-27T10:34:22","modified_gmt":"2025-03-27T10:34:22","slug":"home-2","status":"publish","type":"page","link":"https:\/\/cafecrem.com\/en\/","title":{"rendered":"Home"},"content":{"rendered":"<div class=\"wpb-content-wrapper\">[vc_row css=&#8221;.vc_custom_1742926313559{margin-top: -60px !important;}&#8221;][vc_column]\n\t\t\t<!-- START 202405 1_Eng REVOLUTION SLIDER 6.7.41 --><p class=\"rs-p-wp-fix\"><\/p>\n\t\t\t<rs-module-wrap id=\"rev_slider_19_1_wrapper\" data-source=\"gallery\" style=\"visibility:hidden;background:transparent;padding:0;\">\n\t\t\t\t<rs-module id=\"rev_slider_19_1\" style=\"\" data-version=\"6.7.41\">\n\t\t\t\t\t<rs-slides style=\"overflow: hidden; position: absolute;\">\n\t\t\t\t\t\t<rs-slide style=\"position: absolute;\" data-key=\"rs-31\" data-title=\"Slide\" data-in=\"o:0;\" data-out=\"a:false;\">\n\t\t\t\t\t\t\t<img decoding=\"async\" src=\"\/\/cafecrem.com\/wp-content\/plugins\/revslider\/sr6\/assets\/assets\/dummy.png\" alt=\"Slide\" title=\"Home\" class=\"rev-slidebg tp-rs-img rs-lazyload\" data-lazyload=\"\/\/cafecrem.com\/wp-content\/plugins\/revslider\/sr6\/assets\/assets\/transparent.png\" data-no-retina>\n<!--\n\t\t\t\t\t\t\t--><rs-layer\n\t\t\t\t\t\t\t\tid=\"slider-19-slide-31-layer-0\" \n\t\t\t\t\t\t\t\tdata-type=\"image\"\n\t\t\t\t\t\t\t\tdata-xy=\"x:c;y:b;\"\n\t\t\t\t\t\t\t\tdata-text=\"w:normal;\"\n\t\t\t\t\t\t\t\tdata-dim=\"w:[&#039;100%&#039;,&#039;100%&#039;,&#039;100%&#039;,&#039;100%&#039;];h:[&#039;100%&#039;,&#039;100%&#039;,&#039;100%&#039;,&#039;100%&#039;];\"\n\t\t\t\t\t\t\t\tdata-basealign=\"slide\"\n\t\t\t\t\t\t\t\tdata-rsp_o=\"off\"\n\t\t\t\t\t\t\t\tdata-rsp_bd=\"off\"\n\t\t\t\t\t\t\t\tdata-frame_999=\"o:0;st:w;\"\n\t\t\t\t\t\t\t\tstyle=\"z-index:6;\"\n\t\t\t\t\t\t\t><img decoding=\"async\" src=\"\/\/cafecrem.com\/wp-content\/plugins\/revslider\/sr6\/assets\/assets\/dummy.png\" alt=\"\" class=\"tp-rs-img rs-lazyload\" width=\"2500\" height=\"2500\" data-lazyload=\"\/\/cafecrem.com\/wp-content\/uploads\/2022\/10\/jungleopt.jpg\" data-c=\"cover-proportional\" data-no-retina> \n\t\t\t\t\t\t\t<\/rs-layer><!--\n\n\t\t\t\t\t\t\t--><rs-layer\n\t\t\t\t\t\t\t\tid=\"slider-19-slide-31-layer-1\" \n\t\t\t\t\t\t\t\tdata-type=\"shape\"\n\t\t\t\t\t\t\t\tdata-xy=\"x:c;\"\n\t\t\t\t\t\t\t\tdata-text=\"w:normal;\"\n\t\t\t\t\t\t\t\tdata-dim=\"w:100%;h:100%;\"\n\t\t\t\t\t\t\t\tdata-basealign=\"slide\"\n\t\t\t\t\t\t\t\tdata-rsp_o=\"off\"\n\t\t\t\t\t\t\t\tdata-rsp_bd=\"off\"\n\t\t\t\t\t\t\t\tdata-frame_999=\"o:0;st:w;\"\n\t\t\t\t\t\t\t\tstyle=\"z-index:7;background-color:rgba(0,0,0,0.5);\"\n\t\t\t\t\t\t\t> \n\t\t\t\t\t\t\t<\/rs-layer><!--\n\n\t\t\t\t\t\t\t--><rs-layer\n\t\t\t\t\t\t\t\tid=\"slider-19-slide-31-layer-3\" \n\t\t\t\t\t\t\t\tdata-type=\"image\"\n\t\t\t\t\t\t\t\tdata-xy=\"x:c;xo:2px,12px,4px,13px;y:m;yo:-196px,-139px,-92px,-143px;\"\n\t\t\t\t\t\t\t\tdata-text=\"w:normal;\"\n\t\t\t\t\t\t\t\tdata-dim=\"w:1102px,972px,1154px,688px;h:1102px,972px,1154px,688px;\"\n\t\t\t\t\t\t\t\tdata-basealign=\"slide\"\n\t\t\t\t\t\t\t\tdata-rsp_o=\"off\"\n\t\t\t\t\t\t\t\tdata-rsp_bd=\"off\"\n\t\t\t\t\t\t\t\tdata-frame_999=\"o:0;st:w;\"\n\t\t\t\t\t\t\t\tstyle=\"z-index:8;\"\n\t\t\t\t\t\t\t><img decoding=\"async\" src=\"\/\/cafecrem.com\/wp-content\/plugins\/revslider\/sr6\/assets\/assets\/dummy.png\" alt=\"\" class=\"tp-rs-img rs-lazyload\" width=\"2500\" height=\"2500\" data-lazyload=\"\/\/cafecrem.com\/wp-content\/uploads\/2022\/10\/taza-definitiva.png\" data-no-retina> \n\t\t\t\t\t\t\t<\/rs-layer><!--\n\n\t\t\t\t\t\t\t--><rs-layer\n\t\t\t\t\t\t\t\tid=\"slider-19-slide-31-layer-4\" \n\t\t\t\t\t\t\t\tdata-type=\"image\"\n\t\t\t\t\t\t\t\tdata-xy=\"x:l,c,c,c;xo:574px,-10px,-18px,-3px;y:t,m,m,m;yo:226px,-146px,-100px,-147px;\"\n\t\t\t\t\t\t\t\tdata-text=\"w:normal;\"\n\t\t\t\t\t\t\t\tdata-dim=\"w:48px,43px,43px,34px;h:49px,44px,44px,35px;\"\n\t\t\t\t\t\t\t\tdata-rsp_o=\"off\"\n\t\t\t\t\t\t\t\tdata-rsp_bd=\"off\"\n\t\t\t\t\t\t\t\tdata-frame_999=\"o:0;st:w;\"\n\t\t\t\t\t\t\t\tstyle=\"z-index:9;\"\n\t\t\t\t\t\t\t><img decoding=\"async\" src=\"\/\/cafecrem.com\/wp-content\/plugins\/revslider\/sr6\/assets\/assets\/dummy.png\" alt=\"\" class=\"tp-rs-img rs-lazyload\" width=\"408\" height=\"416\" data-lazyload=\"\/\/cafecrem.com\/wp-content\/uploads\/2024\/05\/recurso-7.png\" data-no-retina> \n\t\t\t\t\t\t\t<\/rs-layer><!--\n\n\t\t\t\t\t\t\t--><rs-layer\n\t\t\t\t\t\t\t\tid=\"slider-19-slide-31-layer-6\" \n\t\t\t\t\t\t\t\tdata-type=\"text\"\n\t\t\t\t\t\t\t\tdata-color=\"#ffcc00\"\n\t\t\t\t\t\t\t\tdata-tsh=\"h:3px,2px,2px,2px;v:2px,1px,2px,2px;b:2px,1px,2px,1px;\"\n\t\t\t\t\t\t\t\tdata-xy=\"x:c;xo:-9px,-9px,-18px,5px;yo:445px,368px,536px,412px;\"\n\t\t\t\t\t\t\t\tdata-text=\"w:normal;s:53,45,50,33;l:63,55,60,36;ls:2,0,0,0;fw:500,500,500,700;a:center;\"\n\t\t\t\t\t\t\t\tdata-dim=\"minh:0,none,none,none;\"\n\t\t\t\t\t\t\t\tdata-rsp_o=\"off\"\n\t\t\t\t\t\t\t\tdata-rsp_bd=\"off\"\n\t\t\t\t\t\t\t\tdata-frame_999=\"o:0;st:w;\"\n\t\t\t\t\t\t\t\tstyle=\"z-index:10;font-family:'Roboto';\"\n\t\t\t\t\t\t\t>MIELUDO<br \/>\nSPECIALTY COFFEE<br \/>\n100% ARABICA \n\t\t\t\t\t\t\t<\/rs-layer><!--\n\n\t\t\t\t\t\t\t--><a\n\t\t\t\t\t\t\t\tid=\"slider-19-slide-31-layer-7\" \n\t\t\t\t\t\t\t\tclass=\"rs-layer rev-btn rev-hiddenicon\"\n\t\t\t\t\t\t\t\thref=\"https:\/\/cafecrem.com\/en\/shop\/\" target=\"_self\"\n\t\t\t\t\t\t\t\tdata-type=\"button\"\n\t\t\t\t\t\t\t\tdata-xy=\"x:c;xo:-8px,-6px,-8px,0;yo:678px,563px,770px,556px;\"\n\t\t\t\t\t\t\t\tdata-text=\"w:normal;s:25,26,30,15;l:30,35,37,19;ls:2,0,0,0;a:center;\"\n\t\t\t\t\t\t\t\tdata-dim=\"minh:0,none,none,none;\"\n\t\t\t\t\t\t\t\tdata-rsp_o=\"off\"\n\t\t\t\t\t\t\t\tdata-rsp_bd=\"off\"\n\t\t\t\t\t\t\t\tdata-padding=\"t:18,19,23,13;r:42,49,58,30;b:18,19,23,13;l:42,49,58,30;\"\n\t\t\t\t\t\t\t\tdata-border=\"bor:30px,30px,30px,30px;\"\n\t\t\t\t\t\t\t\tdata-frame_999=\"o:0;st:w;\"\n\t\t\t\t\t\t\t\tdata-frame_hover=\"c:#000;bgc:#fff;bor:30px,30px,30px,30px;sp:200;\"\n\t\t\t\t\t\t\t\tstyle=\"z-index:11;background-color:rgba(0,0,0,0.75);font-family:'Roboto';text-transform:uppercase;\"\n\t\t\t\t\t\t\t>BUY <i class=\"fa-chevron-right\"><\/i> \n\t\t\t\t\t\t\t<\/a><!--\n-->\t\t\t\t\t<\/rs-slide>\n\t\t\t\t\t\t<rs-slide style=\"position: absolute;\" data-key=\"rs-30\" data-title=\"Slide\" data-in=\"o:0;\" data-out=\"a:false;\">\n\t\t\t\t\t\t\t<img decoding=\"async\" src=\"\/\/cafecrem.com\/wp-content\/plugins\/revslider\/sr6\/assets\/assets\/dummy.png\" alt=\"\" title=\"fondo-cafe-crem\" width=\"842\" height=\"618\" class=\"rev-slidebg tp-rs-img rs-lazyload\" data-lazyload=\"\/\/cafecrem.com\/wp-content\/uploads\/2024\/05\/fondo-cafe-crem.png\" data-no-retina>\n<!--\n\t\t\t\t\t\t\t--><rs-layer\n\t\t\t\t\t\t\t\tid=\"slider-19-slide-30-layer-5\" \n\t\t\t\t\t\t\t\tdata-type=\"image\"\n\t\t\t\t\t\t\t\tdata-xy=\"x:c;xo:-9px,0,0,0;yo:479px,423px,553px,492px;\"\n\t\t\t\t\t\t\t\tdata-text=\"w:normal;\"\n\t\t\t\t\t\t\t\tdata-dim=\"w:1026px,982px,762px,465px;h:291px,278px,216px,132px;\"\n\t\t\t\t\t\t\t\tdata-basealign=\"slide\"\n\t\t\t\t\t\t\t\tdata-rsp_o=\"off\"\n\t\t\t\t\t\t\t\tdata-rsp_bd=\"off\"\n\t\t\t\t\t\t\t\tdata-frame_1=\"e:power1.in;\"\n\t\t\t\t\t\t\t\tdata-frame_999=\"o:0;st:w;\"\n\t\t\t\t\t\t\t\tstyle=\"z-index:7;\"\n\t\t\t\t\t\t\t><img decoding=\"async\" src=\"\/\/cafecrem.com\/wp-content\/plugins\/revslider\/sr6\/assets\/assets\/dummy.png\" alt=\"\" class=\"tp-rs-img rs-lazyload\" width=\"794\" height=\"225\" data-lazyload=\"\/\/cafecrem.com\/wp-content\/uploads\/2024\/05\/packs.png\" data-no-retina> \n\t\t\t\t\t\t\t<\/rs-layer><!--\n\n\t\t\t\t\t\t\t--><rs-layer\n\t\t\t\t\t\t\t\tid=\"slider-19-slide-30-layer-9\" \n\t\t\t\t\t\t\t\tdata-type=\"text\"\n\t\t\t\t\t\t\t\tdata-color=\"#000000\"\n\t\t\t\t\t\t\t\tdata-bsh=\"c:rgba(0,0,0,0.5);\"\n\t\t\t\t\t\t\t\tdata-xy=\"x:c;yo:148px,96px,195px,258px;\"\n\t\t\t\t\t\t\t\tdata-text=\"w:normal;s:51,48,52,29;l:64,60,64,35;fw:900;a:center;\"\n\t\t\t\t\t\t\t\tdata-dim=\"minh:0,none,none,none;\"\n\t\t\t\t\t\t\t\tdata-basealign=\"slide\"\n\t\t\t\t\t\t\t\tdata-rsp_o=\"off\"\n\t\t\t\t\t\t\t\tdata-rsp_bd=\"off\"\n\t\t\t\t\t\t\t\tdata-frame_999=\"o:0;st:w;\"\n\t\t\t\t\t\t\t\tstyle=\"z-index:8;font-family:'Roboto';text-transform:uppercase;\"\n\t\t\t\t\t\t\t>Take home<br \/>\nthe best coffee beans \n\t\t\t\t\t\t\t<\/rs-layer><!--\n\n\t\t\t\t\t\t\t--><a\n\t\t\t\t\t\t\t\tid=\"slider-19-slide-30-layer-10\" \n\t\t\t\t\t\t\t\tclass=\"rs-layer rev-btn\"\n\t\t\t\t\t\t\t\thref=\"https:\/\/cafecrem.com\/en\/shop\/\" target=\"_self\"\n\t\t\t\t\t\t\t\tdata-type=\"button\"\n\t\t\t\t\t\t\t\tdata-color=\"#ffcc00\"\n\t\t\t\t\t\t\t\tdata-xy=\"x:c;yo:325px,275px,376px,385px;\"\n\t\t\t\t\t\t\t\tdata-text=\"w:normal;s:30,31,30,22;l:75,81,79,58;fw:500;\"\n\t\t\t\t\t\t\t\tdata-dim=\"minh:0,none,none,none;\"\n\t\t\t\t\t\t\t\tdata-rsp_o=\"off\"\n\t\t\t\t\t\t\t\tdata-rsp_bd=\"off\"\n\t\t\t\t\t\t\t\tdata-padding=\"r:30,34,33,25;l:30,34,33,25;\"\n\t\t\t\t\t\t\t\tdata-border=\"bor:25px,25px,25px,25px;\"\n\t\t\t\t\t\t\t\tdata-frame_999=\"o:0;st:w;\"\n\t\t\t\t\t\t\t\tdata-frame_hover=\"c:#000;bgc:#fff;bor:25px,25px,25px,25px;sp:200;e:power1.inOut;bri:120%;\"\n\t\t\t\t\t\t\t\tstyle=\"z-index:9;background-color:rgba(0,0,0,1);font-family:'Roboto';\"\n\t\t\t\t\t\t\t>I WANT IT! \n\t\t\t\t\t\t\t<\/a><!--\n-->\t\t\t\t\t<\/rs-slide>\n\t\t\t\t\t<\/rs-slides>\n\t\t\t\t<\/rs-module>\n\t\t\t\t<script>\n\t\t\t\t\tsetREVStartSize({c: 'rev_slider_19_1',rl:[1240,1024,778,480],el:[899.988,768,960,720],gw:[1240,1024,778,480],gh:[900,768,960,720],type:'standard',justify:'',layout:'fullscreen',offsetContainer:'',offset:'',mh:\"0\"});if (window.RS_MODULES!==undefined && window.RS_MODULES.modules!==undefined && window.RS_MODULES.modules[\"revslider191\"]!==undefined) {window.RS_MODULES.modules[\"revslider191\"].once = false;window.revapi19 = undefined;if (window.RS_MODULES.checkMinimal!==undefined) window.RS_MODULES.checkMinimal()}\n\t\t\t\t<\/script>\n\t\t\t<\/rs-module-wrap>\n\t\t\t<!-- END REVOLUTION SLIDER -->\n[\/vc_column][\/vc_row][vc_row][vc_column][vc_empty_space height=&#8221;90px&#8221;][\/vc_column][\/vc_row][vc_row][vc_column][vc_empty_space height=&#8221;20px&#8221; el_id=&#8221;inicio&#8221;][vc_column_text css=&#8221;.vc_custom_1742926615979{margin-bottom: 0px !important;}&#8221;]\n<h2 style=\"text-align: center;\">Featured Products<\/h2>\n[\/vc_column_text][vc_column_text css=&#8221;.vc_custom_1742926641930{margin-bottom: 0px !important;}&#8221;]\n<p style=\"text-align: center;\">These are our store&#8217;s featured products.<br \/>\nTake advantage of our offers and take home the best professional coffee.[\/vc_column_text][\/vc_column][\/vc_row][vc_row][vc_column width=&#8221;1\/3&#8243;][vc_single_image image=&#8221;76&#8243; img_size=&#8221;full&#8221; alignment=&#8221;center&#8221; onclick=&#8221;custom_link&#8221; css_animation=&#8221;fadeInUp&#8221; css=&#8221;&#8221; link=&#8221;https:\/\/cafecre.com\/producto\/cafe-mieludo\/&#8221;][vc_column_text css=&#8221;.vc_custom_1742926697867{margin-bottom: 0px !important;}&#8221;]\n<h3 style=\"text-align: center;\"><a href=\"https:\/\/cafecrem.com\/en\/product-category\/coffees\/mieludo-coffee\/\">Coffee Mieludo<\/a><\/h3>\n[\/vc_column_text][vc_btn title=&#8221;View product&#8221; style=&#8221;outline&#8221; shape=&#8221;square&#8221; color=&#8221;black&#8221; align=&#8221;center&#8221; css=&#8221;&#8221; link=&#8221;url:https%3A%2F%2Fcafecrem.com%2Fen%2Fproduct-category%2Fcoffees%2Fmieludo-coffee%2F&#8221;][\/vc_column][vc_column width=&#8221;1\/3&#8243;][vc_single_image image=&#8221;78&#8243; img_size=&#8221;full&#8221; alignment=&#8221;center&#8221; onclick=&#8221;custom_link&#8221; css_animation=&#8221;fadeInUp&#8221; css=&#8221;&#8221; link=&#8221;https:\/\/cafecre.com\/producto\/frutas-del-bosque-ecologica\/&#8221;][vc_column_text css=&#8221;.vc_custom_1742926751249{margin-bottom: 0px !important;}&#8221;]\n<h3 style=\"text-align: center;\"><a href=\"http:\/\/cafecrem.com\/tienda\/es\/inicio\/20-cafe-mieludo.html\">Forest Fruits<\/a><\/h3>\n[\/vc_column_text][vc_btn title=&#8221;View product&#8221; style=&#8221;outline&#8221; shape=&#8221;square&#8221; color=&#8221;black&#8221; align=&#8221;center&#8221; css=&#8221;&#8221; link=&#8221;url:https%3A%2F%2Fcafecrem.com%2Fen%2Fproduct%2Ffruits-of-the-forest-organic%2F&#8221;][\/vc_column][vc_column width=&#8221;1\/3&#8243;][vc_single_image image=&#8221;121&#8243; img_size=&#8221;full&#8221; alignment=&#8221;center&#8221; onclick=&#8221;custom_link&#8221; css_animation=&#8221;fadeInUp&#8221; css=&#8221;&#8221; link=&#8221;https:\/\/cafecre.com\/producto\/ideal-coffee-100\/&#8221;][vc_column_text css=&#8221;.vc_custom_1592828079455{margin-bottom: 0px !important;}&#8221;]\n<h3 style=\"text-align: center;\"><a href=\"https:\/\/cafecre.com\/tienda\/es\/cafes\/34-ideal-coffee-100-arabica.html\">Ideal coffee<\/a><\/h3>\n[\/vc_column_text][vc_btn title=&#8221;View product&#8221; style=&#8221;outline&#8221; shape=&#8221;square&#8221; color=&#8221;black&#8221; align=&#8221;center&#8221; css=&#8221;&#8221; link=&#8221;url:https%3A%2F%2Fcafecrem.com%2Fen%2Fproduct-category%2Fcoffees%2Fideal-coffee-en%2F&#8221;][\/vc_column][\/vc_row][vc_row][vc_column][vc_empty_space height=&#8221;62px&#8221;][\/vc_column][\/vc_row][vc_row][vc_column width=&#8221;1\/3&#8243;][vc_single_image image=&#8221;174&#8243; img_size=&#8221;full&#8221; alignment=&#8221;center&#8221; onclick=&#8221;custom_link&#8221; css=&#8221;&#8221; link=&#8221;https:\/\/cafecre.com\/en\/home-office\/&#8221;][\/vc_column][vc_column width=&#8221;1\/3&#8243;][vc_single_image image=&#8221;175&#8243; img_size=&#8221;full&#8221; alignment=&#8221;center&#8221; onclick=&#8221;custom_link&#8221; css=&#8221;&#8221; link=&#8221;https:\/\/cafecre.com\/en\/professionals\/&#8221;][\/vc_column][vc_column width=&#8221;1\/3&#8243;][vc_single_image image=&#8221;8149&#8243; img_size=&#8221;full&#8221; alignment=&#8221;center&#8221; onclick=&#8221;custom_link&#8221; css=&#8221;&#8221; link=&#8221;https:\/\/cafecre.com\/en\/shop\/&#8221;][\/vc_column][\/vc_row][vc_row][vc_column][vc_empty_space height=&#8221;15px&#8221;][vc_separator color=&#8221;custom&#8221; accent_color=&#8221;#8e2721&#8243;][vc_empty_space height=&#8221;15px&#8221;][\/vc_column][\/vc_row][vc_row][vc_column width=&#8221;1\/12&#8243;][\/vc_column][vc_column width=&#8221;5\/12&#8243;][vc_column_text css=&#8221;.vc_custom_1742926899744{margin-bottom: 0px !important;}&#8221;]\n<h1>Coffee is born here.<\/h1>\n[\/vc_column_text][vc_column_text css=&#8221;.vc_custom_1742926969383{margin-bottom: 0px !important;}&#8221;]<strong>Caf\u00e9 Crem<\/strong>\u00a0It is one of the historic roasters in this country.<\/p>\n<p>In 1950 he began his journey in <strong>Barcelona<\/strong>, and since then it has never stopped producing coffee of the best quality.<\/p>\n<p>Oriented toward excellence and quality, we have always worked under the philosophy of controlling production from the source, achieving a broad and consistent range of coffees from farms selected for their quality and working conditions.[\/vc_column_text][vc_btn title=&#8221;Learn more\u2026&#8221; style=&#8221;outline&#8221; shape=&#8221;square&#8221; color=&#8221;black&#8221; align=&#8221;left&#8221; css=&#8221;&#8221; link=&#8221;url:https%3A%2F%2Fcafecrem.com%2Fen%2Fwe%2F&#8221;][\/vc_column][vc_column width=&#8221;5\/12&#8243;][vc_single_image image=&#8221;106&#8243; img_size=&#8221;full&#8221;][\/vc_column][vc_column width=&#8221;1\/12&#8243;][\/vc_column][\/vc_row][vc_row][vc_column][vc_empty_space height=&#8221;60px&#8221;][\/vc_column][\/vc_row][vc_row][vc_column width=&#8221;1\/12&#8243;][\/vc_column][vc_column width=&#8221;5\/12&#8243;][vc_single_image image=&#8221;134&#8243; img_size=&#8221;full&#8221;][\/vc_column][vc_column width=&#8221;5\/12&#8243;][vc_column_text css=&#8221;.vc_custom_1742927058975{margin-bottom: 0px !important;}&#8221;]\n<h1>What is Honeyed Coffee?<\/h1>\n[\/vc_column_text][vc_column_text css=&#8221;.vc_custom_1742927116150{margin-bottom: 0px !important;}&#8221;]<strong>It is the 100% Arabica specialty coffee to drink WITH ZERO SUGAR.<\/strong><\/p>\n<p>It is a high-quality coffee, from our own Dulcikaf\u00e9 farms (Dominican Republic), and produced using an exclusive and globally patented method: <strong>The Method Mieludo<\/strong>.<\/p>\n<p>This process involves allowing the pulped coffee beans to soak in their own natural honey, allowing it to penetrate the interior of the bean. This results in a high-quality product with fruity and sweet notes on the palate, making it an ideal coffee with ZERO SUGAR.[\/vc_column_text][vc_btn title=&#8221;Learn more\u2026&#8221; style=&#8221;outline&#8221; shape=&#8221;square&#8221; color=&#8221;black&#8221; align=&#8221;left&#8221; css=&#8221;&#8221; link=&#8221;url:https%3A%2F%2Fcafecrem.com%2Fen%2Fwe%2F&#8221;][\/vc_column][vc_column width=&#8221;1\/12&#8243;][\/vc_column][\/vc_row][vc_row][vc_column][vc_empty_space][\/vc_column][\/vc_row][vc_row][vc_column][vc_column_text css=&#8221;.vc_custom_1584485692148{margin-bottom: 0px !important;}&#8221;]\n<h4 style=\"text-align: center;\">Caf\u00e9 Crem sabe de la importancia de garantizar una calidad permanente del caf\u00e9 en la taza del cliente. Para mantener la estabilidad del caf\u00e9 se debe atender a 5 elementos:<\/h4>\n[\/vc_column_text][vc_empty_space][\/vc_column][\/vc_row][vc_row][vc_column width=&#8221;1\/12&#8243;][\/vc_column][vc_column width=&#8221;2\/12&#8243;][vc_single_image image=&#8221;91&#8243; img_size=&#8221;90&#215;90&#8243; alignment=&#8221;center&#8221; css_animation=&#8221;fadeInDown&#8221;][vc_column_text css=&#8221;.vc_custom_1742927163437{margin-bottom: 0px !important;}&#8221;]\n<h6 style=\"text-align: center;\">Botanical species<\/h6>\n[\/vc_column_text][\/vc_column][vc_column width=&#8221;2\/12&#8243;][vc_single_image image=&#8221;92&#8243; img_size=&#8221;90&#215;90&#8243; alignment=&#8221;center&#8221; css_animation=&#8221;fadeInDown&#8221;][vc_column_text css=&#8221;.vc_custom_1742927182245{margin-bottom: 0px !important;}&#8221;]\n<h6 style=\"text-align: center;\">Altitude of the plantation<\/h6>\n[\/vc_column_text][\/vc_column][vc_column width=&#8221;2\/12&#8243;][vc_single_image image=&#8221;93&#8243; img_size=&#8221;90&#215;90&#8243; alignment=&#8221;center&#8221; css_animation=&#8221;fadeInDown&#8221;][vc_column_text css=&#8221;.vc_custom_1742927198980{margin-bottom: 0px !important;}&#8221;]\n<h6 style=\"text-align: center;\">Climatic factors<\/h6>\n[\/vc_column_text][\/vc_column][vc_column width=&#8221;2\/12&#8243;][vc_single_image image=&#8221;94&#8243; img_size=&#8221;90&#215;90&#8243; alignment=&#8221;center&#8221; css_animation=&#8221;fadeInDown&#8221;][vc_column_text css=&#8221;.vc_custom_1742927218876{margin-bottom: 0px !important;}&#8221;]\n<h6 style=\"text-align: center;\">Soil edaphological conditions<\/h6>\n[\/vc_column_text][\/vc_column][vc_column width=&#8221;2\/12&#8243;][vc_single_image image=&#8221;8271&#8243; img_size=&#8221;90&#215;90&#8243; alignment=&#8221;center&#8221; css_animation=&#8221;fadeInDown&#8221;][vc_column_text css=&#8221;.vc_custom_1742927242180{margin-bottom: 0px !important;}&#8221;]\n<h6 style=\"text-align: center;\">Coffee-growing cultural habits<\/h6>\n[\/vc_column_text][\/vc_column][vc_column width=&#8221;1\/12&#8243;][\/vc_column][\/vc_row][vc_row fullwidth=&#8221;true&#8221; attached=&#8221;true&#8221;][vc_column][vc_empty_space][\/vc_column][\/vc_row][mk_page_section bg_image=&#8221;https:\/\/cafecre.com\/wp-content\/uploads\/2020\/03\/tienda2.jpg&#8221; bg_position=&#8221;right top&#8221; bg_repeat=&#8221;no-repeat&#8221; js_vertical_centered=&#8221;true&#8221; padding_top=&#8221;200&#8243; padding_bottom=&#8221;200&#8243; sidebar=&#8221;sidebar-1&#8243;][vc_column][vc_row_inner][vc_column_inner width=&#8221;1\/2&#8243;][vc_column_text css=&#8221;.vc_custom_1742927287829{margin-bottom: 0px !important;}&#8221;]<span style=\"font-size: 36pt;\"><strong><span style=\"color: #ffffff;\">DISCOVER OUR<\/span><\/strong><\/span><\/p>\n<p><span style=\"font-size: 36pt;\"><strong><span style=\"color: #ffffff;\">ONLINE STORE<\/span><\/strong><\/span>[\/vc_column_text][vc_column_text css=&#8221;.vc_custom_1742927307228{margin-bottom: 0px !important;}&#8221;]\n<p style=\"text-align: left;\"><span style=\"color: #ffffff;\">All the flavor and quality in your home<\/span><\/p>\n[\/vc_column_text][vc_btn title=&#8221;Go to store&#8221; style=&#8221;outline&#8221; shape=&#8221;square&#8221; color=&#8221;white&#8221; align=&#8221;left&#8221; css=&#8221;&#8221; link=&#8221;url:https%3A%2F%2Fcafecrem.com%2Fen%2Fshop%2F&#8221;][\/vc_column_inner][vc_column_inner width=&#8221;1\/2&#8243;][\/vc_column_inner][\/vc_row_inner][\/vc_column][\/mk_page_section][vc_row][vc_column][vc_empty_space height=&#8221;70px&#8221;][\/vc_column][\/vc_row][vc_row][vc_column offset=&#8221;vc_hidden-lg vc_hidden-md vc_hidden-sm vc_hidden-xs&#8221;][vc_column_text css=&#8221;.vc_custom_1584543651394{margin-bottom: 0px !important;}&#8221;]\n<h2 style=\"text-align: center;\">Nuestro blog<\/h2>\n[\/vc_column_text][vc_column_text css=&#8221;.vc_custom_1584543695580{margin-bottom: 0px !important;}&#8221;]\n<p style=\"text-align: center;\">Te informar\u00e9mos de todas las novedades sobre el caf\u00e9 en el mundo.<\/p>\n[\/vc_column_text][mk_blog style=&#8221;newspaper&#8221; post_count=&#8221;3&#8243; excerpt_length=&#8221;0&#8243; pagination=&#8221;false&#8221; cat=&#8221;14&#8243;][\/vc_column][\/vc_row]\n<\/div>","protected":false},"excerpt":{"rendered":"<p>[vc_row css=&#8221;.vc_custom_1742926313559{margin-top: -60px !important;}&#8221;][vc_column][\/vc_column][\/vc_row][vc_row][vc_column][vc_empty_space height=&#8221;90px&#8221;][\/vc_column][\/vc_row][vc_row][vc_column][vc_empty_space height=&#8221;20px&#8221; el_id=&#8221;inicio&#8221;][vc_column_text css=&#8221;.vc_custom_1742926615979{margin-bottom: 0px !important;}&#8221;] Featured Products [\/vc_column_text][vc_column_text css=&#8221;.vc_custom_1742926641930{margin-bottom: 0px !important;}&#8221;] These are our store&#8217;s featured products. Take advantage of our offers and take home the best professional coffee.[\/vc_column_text][\/vc_column][\/vc_row][vc_row][vc_column width=&#8221;1\/3&#8243;][vc_single_image image=&#8221;76&#8243; img_size=&#8221;full&#8221; alignment=&#8221;center&#8221; onclick=&#8221;custom_link&#8221; css_animation=&#8221;fadeInUp&#8221; css=&#8221;&#8221; link=&#8221;https:\/\/cafecre.com\/producto\/cafe-mieludo\/&#8221;][vc_column_text css=&#8221;.vc_custom_1742926697867{margin-bottom: 0px !important;}&#8221;] Coffee Mieludo [\/vc_column_text][vc_btn title=&#8221;View product&#8221; style=&#8221;outline&#8221; shape=&#8221;square&#8221; color=&#8221;black&#8221; align=&#8221;center&#8221; css=&#8221;&#8221; [&hellip;]<\/p>\n","protected":false},"author":1,"featured_media":0,"parent":0,"menu_order":0,"comment_status":"closed","ping_status":"closed","template":"","meta":{"inline_featured_image":false,"footnotes":""},"class_list":["post-11280","page","type-page","status-publish","hentry"],"_links":{"self":[{"href":"https:\/\/cafecrem.com\/en\/wp-json\/wp\/v2\/pages\/11280","targetHints":{"allow":["GET"]}}],"collection":[{"href":"https:\/\/cafecrem.com\/en\/wp-json\/wp\/v2\/pages"}],"about":[{"href":"https:\/\/cafecrem.com\/en\/wp-json\/wp\/v2\/types\/page"}],"author":[{"embeddable":true,"href":"https:\/\/cafecrem.com\/en\/wp-json\/wp\/v2\/users\/1"}],"replies":[{"embeddable":true,"href":"https:\/\/cafecrem.com\/en\/wp-json\/wp\/v2\/comments?post=11280"}],"version-history":[{"count":17,"href":"https:\/\/cafecrem.com\/en\/wp-json\/wp\/v2\/pages\/11280\/revisions"}],"predecessor-version":[{"id":11910,"href":"https:\/\/cafecrem.com\/en\/wp-json\/wp\/v2\/pages\/11280\/revisions\/11910"}],"wp:attachment":[{"href":"https:\/\/cafecrem.com\/en\/wp-json\/wp\/v2\/media?parent=11280"}],"curies":[{"name":"wp","href":"https:\/\/api.w.org\/{rel}","templated":true}]}}