{"id":11666,"date":"2020-03-11T15:52:45","date_gmt":"2020-03-11T15:52:45","guid":{"rendered":"https:\/\/cafecrem.shortcode.es\/producto\/cafeteria-100-natural\/"},"modified":"2025-12-18T18:21:22","modified_gmt":"2025-12-18T18:21:22","slug":"cafeteria-100-natural","status":"publish","type":"product","link":"https:\/\/cafecrem.com\/ca\/producte\/cafeteria-100-natural\/","title":{"rendered":"Cafeteria \u2013 100% natural"},"content":{"rendered":"<p style=\"margin: 0px 0px 10px; padding: 0px; border: 0px; font-size: 15px; line-height: 20px; font-family: Lato; vertical-align: baseline; color: #2f1a13; background-color: #ffffff; text-align: justify;\">Caf\u00e8 100% Natural amb un blend realitzat a les nostres finques seleccionades. \u00c9s el caf\u00e8 m\u00e9s indicat per a locals definits com a cafeteria per la seva gran producci\u00f3 de crema.<\/p>\n<p style=\"margin: 0px 0px 10px; padding: 0px; border: 0px; font-size: 15px; line-height: 20px; font-family: Lato; vertical-align: baseline; color: #2f1a13; background-color: #ffffff; text-align: justify;\">Molt valorat pels amants de caf\u00e8s <em>ristretts<\/em> o curts i, de gran cos per a begudes amb llet, <em>cappuccino<\/em> o caf\u00e8 amb llet tradicional.<\/p>\n","protected":false},"excerpt":{"rendered":"<p style=\"margin: 0px 0px 10px; padding: 0px; border: 0px; font-size: 15px; line-height: 20px; font-family: Lato; vertical-align: baseline; color: #2f1a13; background-color: #ffffff;\">Beguda amb una aroma molt pronunciada, amb una acidesa delicada i amb un cos mitj\u00e0. Aquest caf\u00e8 destaca per les seves notes dolces, obtenint un post-gust untu\u00f3s i perllongat.<\/p>\n<p style=\"margin: 0px 0px 10px; padding: 0px; border: 0px; font-size: 15px; line-height: 20px; font-family: Lato; vertical-align: baseline; color: #2f1a13; background-color: #ffffff; text-align: justify;\"><span style=\"margin: 0px; padding: 0px; border: 0px; font-style: inherit; font-variant: inherit; font-weight: bold; font-size: inherit; line-height: inherit; font-family: inherit; vertical-align: baseline;\">Quantitat: <\/span>1KG<br \/>\n<span style=\"margin: 0px; padding: 0px; border: 0px; font-style: inherit; font-variant: inherit; font-weight: bold; font-size: inherit; line-height: inherit; font-family: inherit; vertical-align: baseline;\">Format:<\/span> Bossa<\/p>\n","protected":false},"featured_media":10717,"template":"","meta":{"inline_featured_image":false},"product_brand":[],"product_cat":[485,486],"product_tag":[],"class_list":{"0":"post-11666","1":"product","2":"type-product","3":"status-publish","4":"has-post-thumbnail","6":"product_cat-cafes-ca","7":"product_cat-cafe-crem-en-gra","9":"first","10":"instock","11":"taxable","12":"shipping-taxable","13":"purchasable","14":"product-type-simple"},"_links":{"self":[{"href":"https:\/\/cafecrem.com\/ca\/wp-json\/wp\/v2\/product\/11666","targetHints":{"allow":["GET"]}}],"collection":[{"href":"https:\/\/cafecrem.com\/ca\/wp-json\/wp\/v2\/product"}],"about":[{"href":"https:\/\/cafecrem.com\/ca\/wp-json\/wp\/v2\/types\/product"}],"wp:featuredmedia":[{"embeddable":true,"href":"https:\/\/cafecrem.com\/ca\/wp-json\/wp\/v2\/media\/10717"}],"wp:attachment":[{"href":"https:\/\/cafecrem.com\/ca\/wp-json\/wp\/v2\/media?parent=11666"}],"wp:term":[{"taxonomy":"product_brand","embeddable":true,"href":"https:\/\/cafecrem.com\/ca\/wp-json\/wp\/v2\/product_brand?post=11666"},{"taxonomy":"product_cat","embeddable":true,"href":"https:\/\/cafecrem.com\/ca\/wp-json\/wp\/v2\/product_cat?post=11666"},{"taxonomy":"product_tag","embeddable":true,"href":"https:\/\/cafecrem.com\/ca\/wp-json\/wp\/v2\/product_tag?post=11666"}],"curies":[{"name":"wp","href":"https:\/\/api.w.org\/{rel}","templated":true}]}}