{"id":11624,"date":"2020-03-11T15:55:53","date_gmt":"2020-03-11T15:55:53","guid":{"rendered":"https:\/\/cafecrem.shortcode.es\/producto\/classic-100-natural\/"},"modified":"2025-12-18T18:19:55","modified_gmt":"2025-12-18T18:19:55","slug":"classic-100-natural","status":"publish","type":"product","link":"https:\/\/cafecrem.com\/ca\/producte\/classic-100-natural\/","title":{"rendered":"Classic 100% \u2013 natural"},"content":{"rendered":"<p style=\"margin: 0px 0px 10px; padding: 0px; border: 0px; font-size: 15px; line-height: 20px; font-family: Lato; vertical-align: baseline; color: #2f1a13; background-color: #ffffff; text-align: justify;\">Caf\u00e8 100% Natural amb un blend especial, realitzat amb caf\u00e8 procedent de les nostres finques seleccionades. El mateix blend, durant anys, ha estat un gran \u00e8xit entre els caf\u00e8s naturals 100% perqu\u00e8 \u00e9s un caf\u00e8 molt ben balancejat i crem\u00f3s.<\/p>\n<p style=\"margin: 0px 0px 10px; padding: 0px; border: 0px; font-size: 15px; line-height: 20px; font-family: Lato; vertical-align: baseline; color: #2f1a13; background-color: #ffffff; text-align: justify;\">Molt valorat pels amants de caf\u00e8s <em>ristretts<\/em> o curts i, de gran cos per a begudes amb llet, <em>cappuccino<\/em> o caf\u00e8 amb llet tradicional.<\/p>\n","protected":false},"excerpt":{"rendered":"<p style=\"margin: 0px 0px 10px; padding: 0px; border: 0px; font-size: 15px; line-height: 20px; font-family: Lato; vertical-align: baseline; color: #2f1a13; background-color: #ffffff; text-align: justify;\">Beguda amb aroma pronunciat, el qual destaca pel seu equilibri mitj\u00e0 entre l&#8217;acidesa i el cos, amb matisos dol\u00e7os que li confereixen una tonalitat voluptuosa i constant.<\/p>\n<p style=\"margin: 0px 0px 10px; padding: 0px; border: 0px; font-size: 15px; line-height: 20px; font-family: Lato; vertical-align: baseline; color: #2f1a13; background-color: #ffffff; text-align: justify;\"><span style=\"margin: 0px; padding: 0px; border: 0px; font-style: inherit; font-variant: inherit; font-weight: bold; font-size: inherit; line-height: inherit; font-family: inherit; vertical-align: baseline;\">Quantitat: <\/span>1KG<br \/>\n<span style=\"margin: 0px; padding: 0px; border: 0px; font-style: inherit; font-variant: inherit; font-weight: bold; font-size: inherit; line-height: inherit; font-family: inherit; vertical-align: baseline;\">Format:<\/span> Bossa<\/p>\n","protected":false},"featured_media":10719,"template":"","meta":{"inline_featured_image":false},"product_brand":[],"product_cat":[485,486],"product_tag":[],"class_list":{"0":"post-11624","1":"product","2":"type-product","3":"status-publish","4":"has-post-thumbnail","6":"product_cat-cafes-ca","7":"product_cat-cafe-crem-en-gra","9":"first","10":"instock","11":"taxable","12":"shipping-taxable","13":"purchasable","14":"product-type-simple"},"_links":{"self":[{"href":"https:\/\/cafecrem.com\/ca\/wp-json\/wp\/v2\/product\/11624","targetHints":{"allow":["GET"]}}],"collection":[{"href":"https:\/\/cafecrem.com\/ca\/wp-json\/wp\/v2\/product"}],"about":[{"href":"https:\/\/cafecrem.com\/ca\/wp-json\/wp\/v2\/types\/product"}],"wp:featuredmedia":[{"embeddable":true,"href":"https:\/\/cafecrem.com\/ca\/wp-json\/wp\/v2\/media\/10719"}],"wp:attachment":[{"href":"https:\/\/cafecrem.com\/ca\/wp-json\/wp\/v2\/media?parent=11624"}],"wp:term":[{"taxonomy":"product_brand","embeddable":true,"href":"https:\/\/cafecrem.com\/ca\/wp-json\/wp\/v2\/product_brand?post=11624"},{"taxonomy":"product_cat","embeddable":true,"href":"https:\/\/cafecrem.com\/ca\/wp-json\/wp\/v2\/product_cat?post=11624"},{"taxonomy":"product_tag","embeddable":true,"href":"https:\/\/cafecrem.com\/ca\/wp-json\/wp\/v2\/product_tag?post=11624"}],"curies":[{"name":"wp","href":"https:\/\/api.w.org\/{rel}","templated":true}]}}