{"id":11618,"date":"2020-03-11T17:06:46","date_gmt":"2020-03-11T17:06:46","guid":{"rendered":"https:\/\/cafecrem.shortcode.es\/producto\/cafe-mieludo-100-arabica\/"},"modified":"2025-03-04T19:56:42","modified_gmt":"2025-03-04T19:56:42","slug":"cafe-mieludo-100-arabica","status":"publish","type":"product","link":"https:\/\/cafecrem.com\/ca\/producte\/cafe-mieludo-100-arabica\/","title":{"rendered":"Caf\u00e8 Mieludo 100% ar\u00e0bica"},"content":{"rendered":"<p style=\"margin:0px 0px 10px;padding:0px;border:0px;font-size:15px;line-height:20px;font-family:Lato;vertical-align:baseline;color:#2f1a13;background-color:#ffffff;text-align:justify;\">El M\u00e8tode Mieludo \u00e9s un proc\u00e9s artesanal d&#8217;assecatge, patentat per Caf\u00e8 Crem.<\/p>\n<p style=\"margin:0px 0px 10px;padding:0px;border:0px;font-size:15px;line-height:20px;font-family:Lato;vertical-align:baseline;color:#2f1a13;background-color:#ffffff;text-align:justify;\">Aquest m\u00e8tode consisteix a deixar que els grans de caf\u00e8, un cop despullats, s&#8217;impregnin de la seva pr\u00f2pia mel natural, anomenada muc\u00edlag. El muc\u00edlag \u00e9s una capa gelatinosa que es troba entre la polpa i el pergam\u00ed.<br \/>Normalment aquesta mel s&#8217;elimina r\u00e0pidament per evitar fermentacions, per\u00f2 a Caf\u00e8 Crem hem apr\u00e8s a conviure-hi durant un cert temps perqu\u00e8 el residual penetri lentament de forma capil\u00b7lar dins del gra.<br \/>Un cop s&#8217;ha produ\u00eft la reacci\u00f3 capil\u00b7lar per la qual els sucres traspassen el pergam\u00ed i arriben al gra de caf\u00e8, ho assequem segons el nostre m\u00e8tode \u00fanic.<br \/>Aix\u00ed obtenim un mat\u00eds de sabor dol\u00e7, \u00fanic i que nom\u00e9s podr\u00e0s gaudir amb aquest producte. <\/p>\n<p style=\"margin:0px 0px 10px;padding:0px;border:0px;font-size:15px;line-height:20px;font-family:Lato;vertical-align:baseline;color:#2f1a13;background-color:#ffffff;text-align:justify;\">El M\u00e8tode Mieludo prov\u00e9 en la seva integritat de la Finca Los Lirios, propietat de Caf\u00e8 Crem. Per tant, es tracta d&#8217;un caf\u00e8 no sols monoorigen, sin\u00f3 monofinca, procedent de lots perfectament identificats i tra\u00e7ats.<br \/>La puntuaci\u00f3 que se li ha atorgat a aquesta collita de caf\u00e8 Mieludo per part de l&#8217;I.E.del Caf\u00e8 ha estat de 87, per la qual cosa pot ser considerat Caf\u00e8 d&#8217;Especialitat. <\/p>\n","protected":false},"excerpt":{"rendered":"<h2 class=\"MsoNormal\"><strong>Per qu\u00e8 el nostre Caf\u00e8 Mieludo \u00e9s \u00fanic al m\u00f3n?<\/strong><\/h2>\n<p>Perqu\u00e8 \u00e9s un caf\u00e8 100% ar\u00e0biga d&#8217;alt\u00edssima qualitat, procedent de les nostres pr\u00f2pies finques Dulcikaf\u00e9 (Rep\u00fablica Dominicana), i que s&#8217;elabora mitjan\u00e7ant un m\u00e8tode exclusiu i patentat a nivell mundial: el M\u00e8tode Mieludo<\/p>\n<h2 class=\"MsoNormal\"><strong>Gaudeix-ho amb zero sucre!<\/strong><\/h2>\n<p>Durant la seva elaboraci\u00f3, aprofitem la dol\u00e7or pr\u00f2pia del fruit de la planta de caf\u00e8 provinent del muc\u00edlag. En lloc de descartar-ho com es fa a la gran majoria de caf\u00e8s, a Caf\u00e8 Crem ho aprofitem i aix\u00ed obtenim un mat\u00eds de sabor dol\u00e7 i \u00fanic, i per aix\u00f2 no cal endolcir tant el caf\u00e8 a la tassa. <\/p>\n<\/p>\n<h2 class=\"MsoNormal\"><\/h2>\n<h2 class=\"MsoNormal\">PRESA-HO AMB<span style=\"color:#ff3f00;\"> ZERO SUCRE.<\/span><\/h2>\n","protected":false},"featured_media":10727,"template":"","meta":{"inline_featured_image":false},"product_brand":[],"product_cat":[523,485,486],"product_tag":[],"class_list":{"0":"post-11618","1":"product","2":"type-product","3":"status-publish","4":"has-post-thumbnail","6":"product_cat-cafe-mieludo-ca","7":"product_cat-cafes-ca","8":"product_cat-cafe-crem-en-gra","10":"first","11":"instock","12":"taxable","13":"shipping-taxable","14":"purchasable","15":"product-type-simple"},"_links":{"self":[{"href":"https:\/\/cafecrem.com\/ca\/wp-json\/wp\/v2\/product\/11618","targetHints":{"allow":["GET"]}}],"collection":[{"href":"https:\/\/cafecrem.com\/ca\/wp-json\/wp\/v2\/product"}],"about":[{"href":"https:\/\/cafecrem.com\/ca\/wp-json\/wp\/v2\/types\/product"}],"wp:featuredmedia":[{"embeddable":true,"href":"https:\/\/cafecrem.com\/ca\/wp-json\/wp\/v2\/media\/10727"}],"wp:attachment":[{"href":"https:\/\/cafecrem.com\/ca\/wp-json\/wp\/v2\/media?parent=11618"}],"wp:term":[{"taxonomy":"product_brand","embeddable":true,"href":"https:\/\/cafecrem.com\/ca\/wp-json\/wp\/v2\/product_brand?post=11618"},{"taxonomy":"product_cat","embeddable":true,"href":"https:\/\/cafecrem.com\/ca\/wp-json\/wp\/v2\/product_cat?post=11618"},{"taxonomy":"product_tag","embeddable":true,"href":"https:\/\/cafecrem.com\/ca\/wp-json\/wp\/v2\/product_tag?post=11618"}],"curies":[{"name":"wp","href":"https:\/\/api.w.org\/{rel}","templated":true}]}}