{"id":11609,"date":"2020-03-11T17:37:59","date_gmt":"2020-03-11T17:37:59","guid":{"rendered":"https:\/\/cafecrem.shortcode.es\/producto\/cafe-crem-descafeinat-monodosi-25u\/"},"modified":"2025-03-31T14:22:55","modified_gmt":"2025-03-31T14:22:55","slug":"cafe-crem-descafeinat-monodosi-25u","status":"publish","type":"product","link":"https:\/\/cafecrem.com\/ca\/producte\/cafe-crem-descafeinat-monodosi-25u\/","title":{"rendered":"Caf\u00e9 Crem Descafe\u00efnat Monodosi 25u."},"content":{"rendered":"<p style=\"margin: 0px 0px 10px; padding: 0px; border: 0px; font-size: 15px; line-height: 20px; font-family: Lato; vertical-align: baseline; color: #2f1a13; background-color: #ffffff;\">Tot el sabor i aroma de l&#8217;aut\u00e8ntic caf\u00e8 de finques seleccionades en pr\u00e0ctiques porcions individuals de 7 grams.<\/p>\n<p style=\"margin: 0px 0px 10px; padding: 0px; border: 0px; font-size: 15px; line-height: 20px; font-family: Lato; vertical-align: baseline; color: #2f1a13; background-color: #ffffff;\">La dosificaci\u00f3 i el premsatge exactament necessaris per reproduir l&#8217;experi\u00e8ncia dun aut\u00e8ntic Caf\u00e8 <em>espresso descafe\u00efnat de m\u00e0quina, a casa o a l&#8217;oficina.<\/em><\/p>\n","protected":false},"excerpt":{"rendered":"<p style=\"margin: 0px 0px 10px; padding: 0px; border: 0px; font-size: 15px; line-height: 20px; font-family: Lato; vertical-align: baseline; color: #2f1a13; background-color: #ffffff; text-align: justify;\">Probablement el millor caf\u00e8 descafe\u00efnat del m\u00f3n: cos i aroma com mai no havies provat mai.<\/p>\n<p style=\"margin: 0px 0px 10px; padding: 0px; border: 0px; font-size: 15px; line-height: 20px; font-family: Lato; vertical-align: baseline; color: #2f1a13; background-color: #ffffff; text-align: justify;\"><span style=\"margin: 0px; padding: 0px; border: 0px; font-style: inherit; font-variant: inherit; font-weight: bold; font-size: inherit; line-height: inherit; font-family: inherit; vertical-align: baseline;\">Format:<\/span> Sobre monodosi de 7gr<br \/>\n<span style=\"margin: 0px; padding: 0px; border: 0px; font-style: inherit; font-variant: inherit; font-weight: bold; font-size: inherit; line-height: inherit; font-family: inherit; vertical-align: baseline;\">Presentaci\u00f3: <\/span>Caixa de 25 unitats<\/p>\n","protected":false},"featured_media":10755,"template":"","meta":{"inline_featured_image":false},"product_brand":[],"product_cat":[521,485],"product_tag":[],"class_list":{"0":"post-11609","1":"product","2":"type-product","3":"status-publish","4":"has-post-thumbnail","6":"product_cat-cafe-a-monodosi-cialda","7":"product_cat-cafes-ca","9":"first","10":"instock","11":"taxable","12":"shipping-taxable","13":"purchasable","14":"product-type-simple"},"_links":{"self":[{"href":"https:\/\/cafecrem.com\/ca\/wp-json\/wp\/v2\/product\/11609","targetHints":{"allow":["GET"]}}],"collection":[{"href":"https:\/\/cafecrem.com\/ca\/wp-json\/wp\/v2\/product"}],"about":[{"href":"https:\/\/cafecrem.com\/ca\/wp-json\/wp\/v2\/types\/product"}],"wp:featuredmedia":[{"embeddable":true,"href":"https:\/\/cafecrem.com\/ca\/wp-json\/wp\/v2\/media\/10755"}],"wp:attachment":[{"href":"https:\/\/cafecrem.com\/ca\/wp-json\/wp\/v2\/media?parent=11609"}],"wp:term":[{"taxonomy":"product_brand","embeddable":true,"href":"https:\/\/cafecrem.com\/ca\/wp-json\/wp\/v2\/product_brand?post=11609"},{"taxonomy":"product_cat","embeddable":true,"href":"https:\/\/cafecrem.com\/ca\/wp-json\/wp\/v2\/product_cat?post=11609"},{"taxonomy":"product_tag","embeddable":true,"href":"https:\/\/cafecrem.com\/ca\/wp-json\/wp\/v2\/product_tag?post=11609"}],"curies":[{"name":"wp","href":"https:\/\/api.w.org\/{rel}","templated":true}]}}