{"id":11599,"date":"2020-03-11T18:05:16","date_gmt":"2020-03-11T18:05:16","guid":{"rendered":"https:\/\/cafecrem.shortcode.es\/producto\/digestiva-ecologica\/"},"modified":"2025-03-04T19:48:21","modified_gmt":"2025-03-04T19:48:21","slug":"digestiva-ecologica","status":"publish","type":"product","link":"https:\/\/cafecrem.com\/ca\/producte\/digestiva-ecologica\/","title":{"rendered":"Digestiva \u2013 Ecol\u00f2gica"},"content":{"rendered":"<p style=\"margin:0px 0px 10px;padding:0px;border:0px;font-size:15px;line-height:20px;font-family:Lato;vertical-align:baseline;color:#2f1a13;background-color:#ffffff;\"><span style=\"margin:0px;padding:0px;border:0px;font-style:inherit;font-variant:inherit;font-weight:inherit;font-size:inherit;line-height:1.5;font-family:inherit;vertical-align:baseline;\">Barreja de camamilla, regal\u00e8ssia, melissa i an\u00eds. Infusi\u00f3 molt beneficiosa per a l&#8217;aparell digestiu i amb un gust agradable. <\/span><\/p>\n<div class=\"short-description\" style=\"margin:0px;padding:0px;border:0px;font-size:15px;line-height:inherit;font-family:Lato;vertical-align:baseline;color:#2f1a13;background-color:#ffffff;\">\n<div class=\"std\" style=\"margin:0px;padding:0px;border:0px;font:inherit;vertical-align:baseline;\">\n<p style=\"margin:0px 0px 10px;padding:0px;border:0px;font-style:inherit;font-variant:inherit;font-weight:inherit;font-size:inherit;line-height:20px;font-family:inherit;vertical-align:baseline;\"><span style=\"margin:0px;padding:0px;border:0px;font-style:inherit;font-variant:inherit;font-weight:bold;font-size:inherit;line-height:inherit;font-family:inherit;vertical-align:baseline;\">Conreat sota els preceptes de l&#8217;agricultura ecol\u00f2gica<\/span><\/p>\n<p style=\"margin:0px 0px 10px;padding:0px;border:0px;font-style:inherit;font-variant:inherit;font-weight:inherit;font-size:inherit;line-height:20px;font-family:inherit;vertical-align:baseline;\"><span style=\"margin:0px;padding:0px;border:0px;font-style:inherit;font-variant:inherit;font-weight:bold;font-size:inherit;line-height:inherit;font-family:inherit;vertical-align:baseline;\">15 pir\u00e0mides<\/span> embolicades individualment per preservar-ne totes les propietats.<\/p>\n<\/p><\/div><\/div>\n","protected":false},"excerpt":{"rendered":"<div class=\"page\" title=\"Page 5\" style=\"margin:0px;padding:0px;border:0px;font-size:15px;line-height:inherit;font-family:Lato;vertical-align:baseline;color:#2f1a13;background-color:#ffffff;\">\n<div class=\"section\" style=\"margin:0px;padding:0px;border:0px;font-style:inherit;font-variant:inherit;font-weight:inherit;font-size:inherit;line-height:19px;font-family:inherit;vertical-align:baseline;width:570.943px;min-height:100%;\">\n<div class=\"layoutArea\" style=\"margin:0px;padding:0px;border:0px;font:inherit;vertical-align:baseline;\">\n<div class=\"column\" style=\"margin:0px;padding:0px;border:0px;font:inherit;vertical-align:baseline;\">\n<p style=\"margin:0px 0px 10px;padding:0px;border:0px;font-style:inherit;font-variant:inherit;font-weight:inherit;font-size:inherit;line-height:20px;font-family:inherit;vertical-align:baseline;\">Combinaci\u00f3 d&#8217;infusions conegudes des de fa temps pels seus efectes beneficiosos sobre l&#8217;aparell digestiu.<\/p>\n<\/p><\/div>\n<\/p><\/div>\n<\/p><\/div>\n<\/p><\/div>\n<p style=\"margin:0px 0px 10px;padding:0px;border:0px;font-size:15px;line-height:20px;font-family:Lato;vertical-align:baseline;color:#2f1a13;background-color:#ffffff;text-align:justify;\"><span style=\"margin:0px;padding:0px;border:0px;font-style:inherit;font-variant:inherit;font-weight:bold;font-size:inherit;line-height:inherit;font-family:inherit;vertical-align:baseline;\">Format:<\/span> Estoig amb 15 unitats<\/p>\n","protected":false},"featured_media":10777,"template":"","meta":{"inline_featured_image":false},"product_brand":[],"product_cat":[517,511],"product_tag":[],"class_list":{"0":"post-11599","1":"product","2":"type-product","3":"status-publish","4":"has-post-thumbnail","6":"product_cat-ideal-infusions-piramide-ca","7":"product_cat-tes-i-infusions","9":"first","10":"instock","11":"taxable","12":"shipping-taxable","13":"purchasable","14":"product-type-simple"},"_links":{"self":[{"href":"https:\/\/cafecrem.com\/ca\/wp-json\/wp\/v2\/product\/11599","targetHints":{"allow":["GET"]}}],"collection":[{"href":"https:\/\/cafecrem.com\/ca\/wp-json\/wp\/v2\/product"}],"about":[{"href":"https:\/\/cafecrem.com\/ca\/wp-json\/wp\/v2\/types\/product"}],"wp:featuredmedia":[{"embeddable":true,"href":"https:\/\/cafecrem.com\/ca\/wp-json\/wp\/v2\/media\/10777"}],"wp:attachment":[{"href":"https:\/\/cafecrem.com\/ca\/wp-json\/wp\/v2\/media?parent=11599"}],"wp:term":[{"taxonomy":"product_brand","embeddable":true,"href":"https:\/\/cafecrem.com\/ca\/wp-json\/wp\/v2\/product_brand?post=11599"},{"taxonomy":"product_cat","embeddable":true,"href":"https:\/\/cafecrem.com\/ca\/wp-json\/wp\/v2\/product_cat?post=11599"},{"taxonomy":"product_tag","embeddable":true,"href":"https:\/\/cafecrem.com\/ca\/wp-json\/wp\/v2\/product_tag?post=11599"}],"curies":[{"name":"wp","href":"https:\/\/api.w.org\/{rel}","templated":true}]}}