{"id":11576,"date":"2020-03-12T15:56:45","date_gmt":"2020-03-12T15:56:45","guid":{"rendered":"https:\/\/cafecrem.shortcode.es\/producto\/te-rojo-silueta-ecologica\/"},"modified":"2025-03-31T14:15:16","modified_gmt":"2025-03-31T14:15:16","slug":"te-vermell-silueta-ecologica","status":"publish","type":"product","link":"https:\/\/cafecrem.com\/ca\/producte\/te-vermell-silueta-ecologica\/","title":{"rendered":"Te Vermell \u2013 Silueta \u2013 Ecol\u00f2gica"},"content":{"rendered":"<p style=\"margin: 0px 0px 10px; padding: 0px; border: 0px; font-size: 15px; line-height: 20px; font-family: Lato; vertical-align: baseline; color: #2f1a13; background-color: #ffffff;\">Te procedent de la regi\u00f3 Xina de Yunnan, amb un alt poder di\u00fcr\u00e8tic.<\/p>\n<p style=\"margin: 0px 0px 10px; padding: 0px; border: 0px; font-size: 15px; line-height: 20px; font-family: Lato; vertical-align: baseline; color: #2f1a13; background-color: #ffffff;\">Molt recomanat com a suport a les dietes de p\u00e8rdua de pes.<\/p>\n<div class=\"short-description\" style=\"margin: 0px; padding: 0px; border: 0px; font-size: 15px; line-height: inherit; font-family: Lato; vertical-align: baseline; color: #2f1a13; background-color: #ffffff;\">\n<div class=\"std\" style=\"margin: 0px; padding: 0px; border: 0px; font: inherit; vertical-align: baseline;\">\n<p style=\"margin: 0px 0px 10px; padding: 0px; border: 0px; font-style: inherit; font-variant: inherit; font-weight: inherit; font-size: inherit; line-height: 20px; font-family: inherit; vertical-align: baseline;\"><span style=\"margin: 0px; padding: 0px; border: 0px; font-style: inherit; font-variant: inherit; font-weight: bold; font-size: inherit; line-height: inherit; font-family: inherit; vertical-align: baseline;\">Conreat sota els preceptes de l&#8217;agricultura ecol\u00f2gica<\/span><\/p>\n<p style=\"margin: 0px 0px 10px; padding: 0px; border: 0px; font-style: inherit; font-variant: inherit; font-weight: inherit; font-size: inherit; line-height: 20px; font-family: inherit; vertical-align: baseline;\"><span style=\"margin: 0px; padding: 0px; border: 0px; font-style: inherit; font-variant: inherit; font-weight: bold; font-size: inherit; line-height: inherit; font-family: inherit; vertical-align: baseline;\">15 pir\u00e0mides<\/span> embolicades individualment per preservar-ne totes les propietats.<\/p>\n<\/div>\n<\/div>\n","protected":false},"excerpt":{"rendered":"<div class=\"page\" style=\"margin: 0px; padding: 0px; border: 0px; font-size: 15px; line-height: inherit; font-family: Lato; vertical-align: baseline; color: #2f1a13; background-color: #ffffff;\" title=\"Page 5\">\n<div class=\"section\" style=\"margin: 0px; padding: 0px; border: 0px; font-style: inherit; font-variant: inherit; font-weight: inherit; font-size: inherit; line-height: 19px; font-family: inherit; vertical-align: baseline; width: 570.943px; min-height: 100%;\">\n<div class=\"layoutArea\" style=\"margin: 0px; padding: 0px; border: 0px; font: inherit; vertical-align: baseline;\">\n<div class=\"column\" style=\"margin: 0px; padding: 0px; border: 0px; font: inherit; vertical-align: baseline;\">\n<p style=\"margin: 0px 0px 10px; padding: 0px; border: 0px; font-style: inherit; font-variant: inherit; font-weight: inherit; font-size: inherit; line-height: 20px; font-family: inherit; vertical-align: baseline;\"><span style=\"margin: 0px; padding: 0px; border: 0px; font-style: inherit; font-variant: inherit; font-weight: bold; font-size: inherit; line-height: inherit; font-family: inherit; vertical-align: baseline;\">Ubicaci\u00f3:<\/span> Te procedent de la regi\u00f3 xinesa de Yunnan.<\/p>\n<p style=\"margin: 0px 0px 10px; padding: 0px; border: 0px; font-style: inherit; font-variant: inherit; font-weight: inherit; font-size: inherit; line-height: 20px; font-family: inherit; vertical-align: baseline;\"><span style=\"margin: 0px; padding: 0px; border: 0px; font-style: inherit; font-variant: inherit; font-weight: bold; font-size: inherit; line-height: inherit; font-family: inherit; vertical-align: baseline;\">Propietats:<\/span> Amb un alt poder di\u00fcr\u00e8tic*.<\/p>\n<p style=\"margin: 0px 0px 10px; padding: 0px; border: 0px; font-style: inherit; font-variant: inherit; font-weight: inherit; font-size: inherit; line-height: 20px; font-family: inherit; vertical-align: baseline;\">*Molt recomanat com a suport a dietes de control de pes.<\/p>\n<\/div>\n<\/div>\n<\/div>\n<\/div>\n<p style=\"margin: 0px 0px 10px; padding: 0px; border: 0px; font-size: 15px; line-height: 20px; font-family: Lato; vertical-align: baseline; color: #2f1a13; background-color: #ffffff; text-align: justify;\"><span style=\"margin: 0px; padding: 0px; border: 0px; font-style: inherit; font-variant: inherit; font-weight: bold; font-size: inherit; line-height: 1.5; font-family: inherit; vertical-align: baseline;\">Format:<\/span> Estoig amb 15 unitats<\/p>\n","protected":false},"featured_media":10857,"template":"","meta":{"inline_featured_image":false},"product_brand":[],"product_cat":[517,511],"product_tag":[],"class_list":{"0":"post-11576","1":"product","2":"type-product","3":"status-publish","4":"has-post-thumbnail","6":"product_cat-ideal-infusions-piramide-ca","7":"product_cat-tes-i-infusions","9":"first","10":"instock","11":"taxable","12":"shipping-taxable","13":"purchasable","14":"product-type-simple"},"_links":{"self":[{"href":"https:\/\/cafecrem.com\/ca\/wp-json\/wp\/v2\/product\/11576","targetHints":{"allow":["GET"]}}],"collection":[{"href":"https:\/\/cafecrem.com\/ca\/wp-json\/wp\/v2\/product"}],"about":[{"href":"https:\/\/cafecrem.com\/ca\/wp-json\/wp\/v2\/types\/product"}],"wp:featuredmedia":[{"embeddable":true,"href":"https:\/\/cafecrem.com\/ca\/wp-json\/wp\/v2\/media\/10857"}],"wp:attachment":[{"href":"https:\/\/cafecrem.com\/ca\/wp-json\/wp\/v2\/media?parent=11576"}],"wp:term":[{"taxonomy":"product_brand","embeddable":true,"href":"https:\/\/cafecrem.com\/ca\/wp-json\/wp\/v2\/product_brand?post=11576"},{"taxonomy":"product_cat","embeddable":true,"href":"https:\/\/cafecrem.com\/ca\/wp-json\/wp\/v2\/product_cat?post=11576"},{"taxonomy":"product_tag","embeddable":true,"href":"https:\/\/cafecrem.com\/ca\/wp-json\/wp\/v2\/product_tag?post=11576"}],"curies":[{"name":"wp","href":"https:\/\/api.w.org\/{rel}","templated":true}]}}