{"id":11554,"date":"2020-03-12T17:17:44","date_gmt":"2020-03-12T17:17:44","guid":{"rendered":"https:\/\/cafecrem.shortcode.es\/producto\/menta-poleo-granel\/"},"modified":"2025-03-04T19:33:01","modified_gmt":"2025-03-04T19:33:01","slug":"menta-poleo-granel","status":"publish","type":"product","link":"https:\/\/cafecrem.com\/ca\/producte\/menta-poleo-granel\/","title":{"rendered":"Menta-Poleo \u2013 Granel"},"content":{"rendered":"<p><span style=\"color:#2f1a13;font-family:Lato;font-size:15px;background-color:#ffffff;\">Infusi\u00f3 de gran protagonisme actualment gr\u00e0cies als seus beneficiosos efectes sobre la salut. De les m\u00faltiples propietats beneficioses, la m\u00e9s coneguda \u00e9s la protecci\u00f3 de l&#8217;aparell digestiu. Descobriu-ne els efectes beneficiosos mentre gaudiu de l&#8217;aroma.  <\/span><\/p>\n","protected":false},"excerpt":{"rendered":"<p style=\"margin:0px 0px 10px;padding:0px;border:0px;font-size:15px;line-height:20px;font-family:Lato;vertical-align:baseline;color:#2f1a13;background-color:#ffffff;text-align:justify;\">De les m\u00faltiples propietats beneficioses, la m\u00e9s coneguda \u00e9s la protecci\u00f3 de l&#8217;aparell digestiu. <\/p>\n<p style=\"margin:0px 0px 10px;padding:0px;border:0px;font-size:15px;line-height:20px;font-family:Lato;vertical-align:baseline;color:#2f1a13;background-color:#ffffff;\">\n<p style=\"margin:0px 0px 10px;padding:0px;border:0px;font-size:15px;line-height:20px;font-family:Lato;vertical-align:baseline;color:#2f1a13;background-color:#ffffff;text-align:justify;\"><span style=\"margin:0px;padding:0px;border:0px;font-style:inherit;font-variant:inherit;font-weight:bold;font-size:inherit;line-height:inherit;font-family:inherit;vertical-align:baseline;\">*<\/span> El preu indicat correspon nom\u00e9s a la borsa interior (50 gr.).<\/p>\n<p style=\"margin:0px 0px 10px;padding:0px;border:0px;font-size:15px;line-height:20px;font-family:Lato;vertical-align:baseline;color:#2f1a13;background-color:#ffffff;text-align:justify;\"><span style=\"margin:0px;padding:0px;border:0px;font-style:inherit;font-variant:inherit;font-weight:bold;font-size:inherit;line-height:inherit;font-family:inherit;vertical-align:baseline;\">*<\/span> El preu amb la llauna \u00e9s de 13.73\u20ac.<\/p>\n<p style=\"margin:0px 0px 10px;padding:0px;border:0px;font-size:15px;line-height:20px;font-family:Lato;vertical-align:baseline;color:#2f1a13;background-color:#ffffff;text-align:justify;\"><span style=\"margin:0px;padding:0px;border:0px;font-style:inherit;font-variant:inherit;font-weight:bold;font-size:inherit;line-height:inherit;font-family:inherit;vertical-align:baseline;\">*<\/span> llauna tamb\u00e9 es pot adquirir en aquesta botiga online.<\/p>\n","protected":false},"featured_media":10911,"template":"","meta":{"inline_featured_image":false},"product_brand":[],"product_cat":[515,511],"product_tag":[],"class_list":{"0":"post-11554","1":"product","2":"type-product","3":"status-publish","4":"has-post-thumbnail","6":"product_cat-ideal-infusions-granel-ca","7":"product_cat-tes-i-infusions","9":"first","10":"instock","11":"taxable","12":"shipping-taxable","13":"purchasable","14":"product-type-simple"},"_links":{"self":[{"href":"https:\/\/cafecrem.com\/ca\/wp-json\/wp\/v2\/product\/11554","targetHints":{"allow":["GET"]}}],"collection":[{"href":"https:\/\/cafecrem.com\/ca\/wp-json\/wp\/v2\/product"}],"about":[{"href":"https:\/\/cafecrem.com\/ca\/wp-json\/wp\/v2\/types\/product"}],"wp:featuredmedia":[{"embeddable":true,"href":"https:\/\/cafecrem.com\/ca\/wp-json\/wp\/v2\/media\/10911"}],"wp:attachment":[{"href":"https:\/\/cafecrem.com\/ca\/wp-json\/wp\/v2\/media?parent=11554"}],"wp:term":[{"taxonomy":"product_brand","embeddable":true,"href":"https:\/\/cafecrem.com\/ca\/wp-json\/wp\/v2\/product_brand?post=11554"},{"taxonomy":"product_cat","embeddable":true,"href":"https:\/\/cafecrem.com\/ca\/wp-json\/wp\/v2\/product_cat?post=11554"},{"taxonomy":"product_tag","embeddable":true,"href":"https:\/\/cafecrem.com\/ca\/wp-json\/wp\/v2\/product_tag?post=11554"}],"curies":[{"name":"wp","href":"https:\/\/api.w.org\/{rel}","templated":true}]}}