{"id":11541,"date":"2020-03-12T17:39:00","date_gmt":"2020-03-12T17:39:00","guid":{"rendered":"https:\/\/cafecrem.shortcode.es\/producto\/te-roig-silueta-granel\/"},"modified":"2025-03-31T14:14:43","modified_gmt":"2025-03-31T14:14:43","slug":"te-vermell-silueta-granel","status":"publish","type":"product","link":"https:\/\/cafecrem.com\/ca\/producte\/te-vermell-silueta-granel\/","title":{"rendered":"Te Vermell \u2013 Silueta \u2013 Granel"},"content":{"rendered":"<p><span style=\"color: #2f1a13; font-family: Lato; font-size: 15px; background-color: #ffffff;\">Te procedent de la regi\u00f3 Xina de Yunnan. Aquest te cont\u00e9 un alt poder di\u00fcr\u00e8tic. <\/span><\/p>\n","protected":false},"excerpt":{"rendered":"<p style=\"margin: 0px 0px 10px; padding: 0px; border: 0px; font-size: 15px; line-height: 20px; font-family: Lato; vertical-align: baseline; color: #2f1a13; background-color: #ffffff; text-align: justify;\"><span style=\"margin: 0px; padding: 0px; border: 0px; font-style: inherit; font-variant: inherit; font-weight: bold; font-size: inherit; line-height: inherit; font-family: inherit; vertical-align: baseline;\">Proced\u00e8ncia:<\/span> Te procedent de la regi\u00f3 Xina de Yunnan.<\/p>\n<p style=\"margin: 0px 0px 10px; padding: 0px; border: 0px; font-size: 15px; line-height: 20px; font-family: Lato; vertical-align: baseline; color: #2f1a13; background-color: #ffffff; text-align: justify;\"><span style=\"margin: 0px; padding: 0px; border: 0px; font-style: inherit; font-variant: inherit; font-weight: bold; font-size: inherit; line-height: inherit; font-family: inherit; vertical-align: baseline;\">Propietats:<\/span> Amb un alt poder di\u00fcr\u00e8tic. Molt recomanat com a suport a dietes de control de pes.<\/p>\n<p style=\"margin: 0px 0px 10px; padding: 0px; border: 0px; font-size: 15px; line-height: 20px; font-family: Lato; vertical-align: baseline; color: #2f1a13; background-color: #ffffff; text-align: justify;\"><span style=\"margin: 0px; padding: 0px; border: 0px; font-style: inherit; font-variant: inherit; font-weight: bold; font-size: inherit; line-height: inherit; font-family: inherit; vertical-align: baseline;\">*<\/span> Els preus indicats nom\u00e9s corresponen a la bossa (100 gr.).<\/p>\n<p style=\"margin: 0px 0px 10px; padding: 0px; border: 0px; font-size: 15px; line-height: 20px; font-family: Lato; vertical-align: baseline; color: #2f1a13; background-color: #ffffff; text-align: justify;\"><span style=\"margin: 0px; padding: 0px; border: 0px; font-style: inherit; font-variant: inherit; font-weight: bold; font-size: inherit; line-height: inherit; font-family: inherit; vertical-align: baseline;\">*<\/span> El preu amb la llauna \u00e9s de 13.73\u20ac.<\/p>\n<p style=\"margin: 0px 0px 10px; padding: 0px; border: 0px; font-size: 15px; line-height: 20px; font-family: Lato; vertical-align: baseline; color: #2f1a13; background-color: #ffffff; text-align: justify;\"><span style=\"margin: 0px; padding: 0px; border: 0px; font-style: inherit; font-variant: inherit; font-weight: bold; font-size: inherit; line-height: inherit; font-family: inherit; vertical-align: baseline;\">*<\/span> La llauna tamb\u00e9 es pot adquirir en aquesta botiga online.<\/p>\n","protected":false},"featured_media":10943,"template":"","meta":{"inline_featured_image":false},"product_brand":[],"product_cat":[515,511],"product_tag":[],"class_list":{"0":"post-11541","1":"product","2":"type-product","3":"status-publish","4":"has-post-thumbnail","6":"product_cat-ideal-infusions-granel-ca","7":"product_cat-tes-i-infusions","9":"first","10":"instock","11":"taxable","12":"shipping-taxable","13":"purchasable","14":"product-type-simple"},"_links":{"self":[{"href":"https:\/\/cafecrem.com\/ca\/wp-json\/wp\/v2\/product\/11541","targetHints":{"allow":["GET"]}}],"collection":[{"href":"https:\/\/cafecrem.com\/ca\/wp-json\/wp\/v2\/product"}],"about":[{"href":"https:\/\/cafecrem.com\/ca\/wp-json\/wp\/v2\/types\/product"}],"wp:featuredmedia":[{"embeddable":true,"href":"https:\/\/cafecrem.com\/ca\/wp-json\/wp\/v2\/media\/10943"}],"wp:attachment":[{"href":"https:\/\/cafecrem.com\/ca\/wp-json\/wp\/v2\/media?parent=11541"}],"wp:term":[{"taxonomy":"product_brand","embeddable":true,"href":"https:\/\/cafecrem.com\/ca\/wp-json\/wp\/v2\/product_brand?post=11541"},{"taxonomy":"product_cat","embeddable":true,"href":"https:\/\/cafecrem.com\/ca\/wp-json\/wp\/v2\/product_cat?post=11541"},{"taxonomy":"product_tag","embeddable":true,"href":"https:\/\/cafecrem.com\/ca\/wp-json\/wp\/v2\/product_tag?post=11541"}],"curies":[{"name":"wp","href":"https:\/\/api.w.org\/{rel}","templated":true}]}}