{"id":11530,"date":"2020-03-16T13:47:19","date_gmt":"2020-03-16T13:47:19","guid":{"rendered":"https:\/\/cafecrem.shortcode.es\/producto\/te-roig-pu-erh-essencial\/"},"modified":"2025-03-31T14:14:00","modified_gmt":"2025-03-31T14:14:00","slug":"te-vermell-pu-erh-essencial","status":"publish","type":"product","link":"https:\/\/cafecrem.com\/ca\/producte\/te-vermell-pu-erh-essencial\/","title":{"rendered":"Te Vermell \u2013 Pu-erh \u2013 Essencial"},"content":{"rendered":"<p style=\"margin: 0px 0px 10px; padding: 0px; border: 0px; font-size: 15px; line-height: 20px; font-family: Lato; vertical-align: baseline; color: #2f1a13; background-color: #ffffff; text-align: justify;\">El te pu-erh \u00e9s conegut tamb\u00e9 com a te vermell i prov\u00e9 de Pu\u2019er de Yunnan, Xina. Es tracta d&#8217;un te inusual a la Xina, i aquest \u00e9s el major productor de te vermell o pu-erh del m\u00f3n. Al contrari que altres tes que se solen prendre despr\u00e9s de la recol\u00b7lecci\u00f3, el proc\u00e9s de fermentaci\u00f3 d&#8217;aquesta varietat de Camellia Sinensis pot durar de 2 a 60 anys en b\u00f3tes de roure, cosa que fa que les fulles assoleixin un color rogenc i, per tant, tamb\u00e9 la infusi\u00f3.<\/p>\n<p style=\"margin: 0px 0px 10px; padding: 0px; border: 0px; font-size: 15px; line-height: 20px; font-family: Lato; vertical-align: baseline; color: #2f1a13; background-color: #ffffff; text-align: justify;\"><span style=\"margin: 0px; padding: 0px; border: 0px; font-style: inherit; font-variant: inherit; font-weight: bold; font-size: inherit; line-height: inherit; font-family: inherit; vertical-align: baseline;\">\u00das i propietats<br \/>\n<\/span>S&#8217;ha fet popular al m\u00f3n occidental a causa del seu baix contingut en cafe\u00efna i de les seves suposades propietats per eliminar el greix. Per aix\u00f2 ha arribat a tenir el nom de \u201cdevorador de greixos\u201d. L&#8217;aut\u00e8ntic te vermell pu-erh cont\u00e9 molt poca cafe\u00efna precisament per la fermentaci\u00f3.<br \/>\nEntre les propietats que se li atribueixen destaquen les seg\u00fcents:<\/p>\n<ul style=\"margin: 0px; padding: 0px; border: 0px; font-size: 15px; line-height: inherit; font-family: Lato; vertical-align: baseline; list-style: none; color: #2f1a13; background-color: #ffffff;\">\n<li style=\"margin: 0px; padding: 0px; border: 0px; font: inherit; vertical-align: baseline; text-align: justify;\">Estimula la digesti\u00f3 de menjars rics<\/li>\n<li style=\"margin: 0px; padding: 0px; border: 0px; font: inherit; vertical-align: baseline; text-align: justify;\">Disminueix els nivells de greix<\/li>\n<li style=\"margin: 0px; padding: 0px; border: 0px; font: inherit; vertical-align: baseline; text-align: justify;\">Preveu i baixa el colesterol LDL<\/li>\n<li style=\"margin: 0px; padding: 0px; border: 0px; font: inherit; vertical-align: baseline; text-align: justify;\">Beneficia el metabolisme hep\u00e0tic<\/li>\n<li style=\"margin: 0px; padding: 0px; border: 0px; font: inherit; vertical-align: baseline; text-align: justify;\">Estimula la secreci\u00f3 de les gl\u00e0ndules digestives<\/li>\n<li style=\"margin: 0px; padding: 0px; border: 0px; font: inherit; vertical-align: baseline; text-align: justify;\">Prev\u00e9 infeccions<\/li>\n<li style=\"margin: 0px; padding: 0px; border: 0px; font: inherit; vertical-align: baseline; text-align: justify;\">Desintoxica i depura<\/li>\n<li style=\"margin: 0px; padding: 0px; border: 0px; font: inherit; vertical-align: baseline; text-align: justify;\">Refor\u00e7a el sistema immunol\u00f2gic<\/li>\n<\/ul>\n","protected":false},"excerpt":{"rendered":"<p style=\"margin: 0px 0px 10px; padding: 0px; border: 0px; font-size: 15px; line-height: 20px; font-family: Lato; vertical-align: baseline; color: #2f1a13; background-color: #ffffff;\"><span style=\"margin: 0px; padding: 0px; border: 0px; font-style: inherit; font-variant: inherit; font-weight: bold; font-size: inherit; line-height: inherit; font-family: inherit; vertical-align: baseline;\">Proced\u00e8ncia:<\/span> Te del sud-oest de Xina.<\/p>\n<p style=\"margin: 0px 0px 10px; padding: 0px; border: 0px; font-size: 15px; line-height: 20px; font-family: Lato; vertical-align: baseline; color: #2f1a13; background-color: #ffffff;\"><span style=\"margin: 0px; padding: 0px; border: 0px; font-style: inherit; font-variant: inherit; font-weight: bold; font-size: inherit; line-height: inherit; font-family: inherit; vertical-align: baseline;\">Propietats:<\/span> De color vermell\u00f3s i amb un sabor fort, ple i lleugerament amarg degut a la seva fermentaci\u00f3.<\/p>\n<p style=\"margin: 0px 0px 10px; padding: 0px; border: 0px; font-size: 15px; line-height: 20px; font-family: Lato; vertical-align: baseline; color: #2f1a13; background-color: #ffffff; text-align: justify;\"><span style=\"margin: 0px; padding: 0px; border: 0px; font-style: inherit; font-variant: inherit; font-weight: bold; font-size: inherit; line-height: inherit; font-family: inherit; vertical-align: baseline;\">Format: <\/span>Estoig amb 20 unitats<\/p>\n","protected":false},"featured_media":10971,"template":"","meta":{"inline_featured_image":false},"product_brand":[],"product_cat":[512,511],"product_tag":[],"class_list":{"0":"post-11530","1":"product","2":"type-product","3":"status-publish","4":"has-post-thumbnail","6":"product_cat-ideal-infusions-essencial","7":"product_cat-tes-i-infusions","9":"first","10":"instock","11":"taxable","12":"shipping-taxable","13":"purchasable","14":"product-type-simple"},"_links":{"self":[{"href":"https:\/\/cafecrem.com\/ca\/wp-json\/wp\/v2\/product\/11530","targetHints":{"allow":["GET"]}}],"collection":[{"href":"https:\/\/cafecrem.com\/ca\/wp-json\/wp\/v2\/product"}],"about":[{"href":"https:\/\/cafecrem.com\/ca\/wp-json\/wp\/v2\/types\/product"}],"wp:featuredmedia":[{"embeddable":true,"href":"https:\/\/cafecrem.com\/ca\/wp-json\/wp\/v2\/media\/10971"}],"wp:attachment":[{"href":"https:\/\/cafecrem.com\/ca\/wp-json\/wp\/v2\/media?parent=11530"}],"wp:term":[{"taxonomy":"product_brand","embeddable":true,"href":"https:\/\/cafecrem.com\/ca\/wp-json\/wp\/v2\/product_brand?post=11530"},{"taxonomy":"product_cat","embeddable":true,"href":"https:\/\/cafecrem.com\/ca\/wp-json\/wp\/v2\/product_cat?post=11530"},{"taxonomy":"product_tag","embeddable":true,"href":"https:\/\/cafecrem.com\/ca\/wp-json\/wp\/v2\/product_tag?post=11530"}],"curies":[{"name":"wp","href":"https:\/\/api.w.org\/{rel}","templated":true}]}}