{"id":11527,"date":"2020-03-16T13:52:12","date_gmt":"2020-03-16T13:52:12","guid":{"rendered":"https:\/\/cafecrem.shortcode.es\/producto\/te-verd-essencial\/"},"modified":"2025-03-04T19:22:32","modified_gmt":"2025-03-04T19:22:32","slug":"te-verd-essencial","status":"publish","type":"product","link":"https:\/\/cafecrem.com\/ca\/producte\/te-verd-essencial\/","title":{"rendered":"Te Verd \u2013 Essencial"},"content":{"rendered":"<p><span style=\"color:#2f1a13;font-family:Lato;font-size:15px;text-align:justify;background-color:#ffffff;\">El full de Te Verd se sotmet a la m\u00ednima oxidaci\u00f3 possible. \u00c9s un te amb una gran varietat de matisos de sabor. <\/span><\/p>\n","protected":false},"excerpt":{"rendered":"<p style=\"margin:0px 0px 10px;padding:0px;border:0px;font-size:15px;line-height:20px;font-family:Lato;vertical-align:baseline;color:#2f1a13;background-color:#ffffff;\">El full de Te Verd se sotmet a la m\u00ednima oxidaci\u00f3 possible. \u00c9s un te amb una gran varietat de matisos de sabor. <\/p>\n<p style=\"margin:0px 0px 10px;padding:0px;border:0px;font-size:15px;line-height:20px;font-family:Lato;vertical-align:baseline;color:#2f1a13;background-color:#ffffff;text-align:justify;\"><span style=\"margin:0px;padding:0px;border:0px;font-style:inherit;font-variant:inherit;font-weight:bold;font-size:inherit;line-height:inherit;font-family:inherit;vertical-align:baseline;\">Format: <\/span>Estoig amb 20 unitats<\/p>\n","protected":false},"featured_media":10973,"template":"","meta":{"inline_featured_image":false},"product_brand":[],"product_cat":[512,511],"product_tag":[],"class_list":{"0":"post-11527","1":"product","2":"type-product","3":"status-publish","4":"has-post-thumbnail","6":"product_cat-ideal-infusions-essencial","7":"product_cat-tes-i-infusions","9":"first","10":"instock","11":"taxable","12":"shipping-taxable","13":"purchasable","14":"product-type-simple"},"_links":{"self":[{"href":"https:\/\/cafecrem.com\/ca\/wp-json\/wp\/v2\/product\/11527","targetHints":{"allow":["GET"]}}],"collection":[{"href":"https:\/\/cafecrem.com\/ca\/wp-json\/wp\/v2\/product"}],"about":[{"href":"https:\/\/cafecrem.com\/ca\/wp-json\/wp\/v2\/types\/product"}],"wp:featuredmedia":[{"embeddable":true,"href":"https:\/\/cafecrem.com\/ca\/wp-json\/wp\/v2\/media\/10973"}],"wp:attachment":[{"href":"https:\/\/cafecrem.com\/ca\/wp-json\/wp\/v2\/media?parent=11527"}],"wp:term":[{"taxonomy":"product_brand","embeddable":true,"href":"https:\/\/cafecrem.com\/ca\/wp-json\/wp\/v2\/product_brand?post=11527"},{"taxonomy":"product_cat","embeddable":true,"href":"https:\/\/cafecrem.com\/ca\/wp-json\/wp\/v2\/product_cat?post=11527"},{"taxonomy":"product_tag","embeddable":true,"href":"https:\/\/cafecrem.com\/ca\/wp-json\/wp\/v2\/product_tag?post=11527"}],"curies":[{"name":"wp","href":"https:\/\/api.w.org\/{rel}","templated":true}]}}