{"id":11523,"date":"2020-03-16T18:39:02","date_gmt":"2020-03-16T18:39:02","guid":{"rendered":"https:\/\/cafecrem.shortcode.es\/producto\/chococrem-xocolata-tradicional\/"},"modified":"2025-03-04T19:21:04","modified_gmt":"2025-03-04T19:21:04","slug":"chococrem-xocolata-tradicional","status":"publish","type":"product","link":"https:\/\/cafecrem.com\/ca\/producte\/chococrem-xocolata-tradicional\/","title":{"rendered":"ChocoCrem Xocolata Tradicional"},"content":{"rendered":"<p style=\"margin:0px 0px 10px;padding:0px;border:0px;font-size:15px;line-height:20px;font-family:Lato;vertical-align:baseline;color:#2f1a13;background-color:#ffffff;\">ChocoCrem \u00e9s la marca de xocolates a la tassa de Caf\u00e8 Crem.<\/p>\n<p style=\"margin:0px 0px 10px;padding:0px;border:0px;font-size:15px;line-height:20px;font-family:Lato;vertical-align:baseline;color:#2f1a13;background-color:#ffffff;\">Delicioses i sorprenents combinacions de sabors per donar encara m\u00e9s personalitat a la teva tassa de xocolata.<\/p>\n","protected":false},"excerpt":{"rendered":"<p style=\"margin:0px 0px 10px;padding:0px;border:0px;font-size:15px;line-height:20px;font-family:Lato;vertical-align:baseline;color:#2f1a13;background-color:#ffffff;text-align:justify;\">L&#8217;aut\u00e8ntic sabor tradicional de la xocolata a la tassa; aquell que ens porta tants records a la mem\u00f2ria i que ens fa tornar a gaudir d&#8217;aquestes sensacions tan agradables. Presentat en pr\u00e0ctics sobres monodosi. <\/p>\n<p style=\"margin:0px 0px 10px;padding:0px;border:0px;font-size:15px;line-height:20px;font-family:Lato;vertical-align:baseline;color:#2f1a13;background-color:#ffffff;text-align:justify;\"><span style=\"margin:0px;padding:0px;border:0px;font-style:inherit;font-variant:inherit;font-weight:bold;font-size:inherit;line-height:inherit;font-family:inherit;vertical-align:baseline;\">Quantitat:<\/span> 28g per sobre<br \/><span style=\"margin:0px;padding:0px;border:0px;font-style:inherit;font-variant:inherit;font-weight:bold;font-size:inherit;line-height:inherit;font-family:inherit;vertical-align:baseline;\">Format:<\/span> Estoig de 12 Sobres<\/p>\n","protected":false},"featured_media":11037,"template":"","meta":{"inline_featured_image":false},"product_brand":[],"product_cat":[508,507],"product_tag":[],"class_list":{"0":"post-11523","1":"product","2":"type-product","3":"status-publish","4":"has-post-thumbnail","6":"product_cat-chococrem-ca","7":"product_cat-xocolata-a-la-tassa","9":"first","10":"instock","11":"taxable","12":"shipping-taxable","13":"purchasable","14":"product-type-simple"},"_links":{"self":[{"href":"https:\/\/cafecrem.com\/ca\/wp-json\/wp\/v2\/product\/11523","targetHints":{"allow":["GET"]}}],"collection":[{"href":"https:\/\/cafecrem.com\/ca\/wp-json\/wp\/v2\/product"}],"about":[{"href":"https:\/\/cafecrem.com\/ca\/wp-json\/wp\/v2\/types\/product"}],"wp:featuredmedia":[{"embeddable":true,"href":"https:\/\/cafecrem.com\/ca\/wp-json\/wp\/v2\/media\/11037"}],"wp:attachment":[{"href":"https:\/\/cafecrem.com\/ca\/wp-json\/wp\/v2\/media?parent=11523"}],"wp:term":[{"taxonomy":"product_brand","embeddable":true,"href":"https:\/\/cafecrem.com\/ca\/wp-json\/wp\/v2\/product_brand?post=11523"},{"taxonomy":"product_cat","embeddable":true,"href":"https:\/\/cafecrem.com\/ca\/wp-json\/wp\/v2\/product_cat?post=11523"},{"taxonomy":"product_tag","embeddable":true,"href":"https:\/\/cafecrem.com\/ca\/wp-json\/wp\/v2\/product_tag?post=11523"}],"curies":[{"name":"wp","href":"https:\/\/api.w.org\/{rel}","templated":true}]}}