{"id":11479,"date":"2022-04-11T09:13:45","date_gmt":"2022-04-11T09:13:45","guid":{"rendered":"https:\/\/cafecrem.shortcode.es\/producto\/descafeinat-100-natural\/"},"modified":"2025-03-04T19:02:30","modified_gmt":"2025-03-04T19:02:30","slug":"descafeinat-100-natural","status":"publish","type":"product","link":"https:\/\/cafecrem.com\/ca\/producte\/descafeinat-100-natural\/","title":{"rendered":"Descafe\u00efnat \u2013 100% Natural"},"content":{"rendered":"<p style=\"margin:0px 0px 10px;padding:0px;border:0px;font-size:15px;line-height:20px;font-family:Lato;vertical-align:baseline;color:#2f1a13;background-color:#ffffff;text-align:justify;\">Caf\u00e8 DESCAFE\u00cfNAT amb el mateix caf\u00e8 100% Natural i amb un blend realitzat a les nostres finques seleccionades, amb un contingut del 75% de caf\u00e8 Ar\u00e0bica i un 25% de caf\u00e8 Robusta. \u00c9s el m\u00e9s indicat per a locals definits com a cafeteria per la seva gran producci\u00f3 de crema. <\/p>\n<p style=\"margin:0px 0px 10px;padding:0px;border:0px;font-size:15px;line-height:20px;font-family:Lato;vertical-align:baseline;color:#2f1a13;background-color:#ffffff;text-align:justify;\">Molt valorat pels amants de caf\u00e8s <em>ristretts<\/em> o curts i, de gran cos per a begudes amb llet, <em>cappuccino<\/em> o caf\u00e8 amb llet tradicional.<\/p>\n","protected":false},"excerpt":{"rendered":"<div class=\"page\" title=\"Page 3\" style=\"margin:0px;padding:0px;border:0px;font-size:15px;line-height:inherit;font-family:Lato;vertical-align:baseline;color:#2f1a13;background-color:#ffffff;\">\n<div class=\"section\" style=\"margin:0px;padding:0px;border:0px;font-style:inherit;font-variant:inherit;font-weight:inherit;font-size:inherit;line-height:19px;font-family:inherit;vertical-align:baseline;width:570.943px;min-height:100%;\">\n<div class=\"layoutArea\" style=\"margin:0px;padding:0px;border:0px;font:inherit;vertical-align:baseline;\">\n<div class=\"column\" style=\"margin:0px;padding:0px;border:0px;font:inherit;vertical-align:baseline;\">\n<p style=\"margin:0px 0px 10px;padding:0px;border:0px;font-style:inherit;font-variant:inherit;font-weight:inherit;font-size:inherit;line-height:20px;font-family:inherit;vertical-align:baseline;\">Beguda amb una aroma pronunciada, cos mitj\u00e0, lleugera acidesa, presenta notes dolces i suaus. Aquest caf\u00e8 descafe\u00efnat \u00e9s lleuger i untu\u00f3s. <\/p>\n<\/p><\/div>\n<\/p><\/div>\n<\/p><\/div>\n<\/p><\/div>\n<p style=\"margin:0px 0px 10px;padding:0px;border:0px;font-size:15px;line-height:20px;font-family:Lato;vertical-align:baseline;color:#2f1a13;background-color:#ffffff;text-align:justify;\"><span style=\"margin:0px;padding:0px;border:0px;font-style:inherit;font-variant:inherit;font-weight:bold;font-size:inherit;line-height:inherit;font-family:inherit;vertical-align:baseline;\">Quantitat: <\/span>500g<br \/><span style=\"margin:0px;padding:0px;border:0px;font-style:inherit;font-variant:inherit;font-weight:bold;font-size:inherit;line-height:inherit;font-family:inherit;vertical-align:baseline;\">Format:<\/span> Bossa<\/p>\n","protected":false},"featured_media":11211,"template":"","meta":{"inline_featured_image":false},"product_brand":[],"product_cat":[485,486],"product_tag":[],"class_list":{"0":"post-11479","1":"product","2":"type-product","3":"status-publish","4":"has-post-thumbnail","6":"product_cat-cafes-ca","7":"product_cat-cafe-crem-en-gra","9":"first","10":"instock","11":"taxable","12":"shipping-taxable","13":"purchasable","14":"product-type-simple"},"_links":{"self":[{"href":"https:\/\/cafecrem.com\/ca\/wp-json\/wp\/v2\/product\/11479","targetHints":{"allow":["GET"]}}],"collection":[{"href":"https:\/\/cafecrem.com\/ca\/wp-json\/wp\/v2\/product"}],"about":[{"href":"https:\/\/cafecrem.com\/ca\/wp-json\/wp\/v2\/types\/product"}],"wp:featuredmedia":[{"embeddable":true,"href":"https:\/\/cafecrem.com\/ca\/wp-json\/wp\/v2\/media\/11211"}],"wp:attachment":[{"href":"https:\/\/cafecrem.com\/ca\/wp-json\/wp\/v2\/media?parent=11479"}],"wp:term":[{"taxonomy":"product_brand","embeddable":true,"href":"https:\/\/cafecrem.com\/ca\/wp-json\/wp\/v2\/product_brand?post=11479"},{"taxonomy":"product_cat","embeddable":true,"href":"https:\/\/cafecrem.com\/ca\/wp-json\/wp\/v2\/product_cat?post=11479"},{"taxonomy":"product_tag","embeddable":true,"href":"https:\/\/cafecrem.com\/ca\/wp-json\/wp\/v2\/product_tag?post=11479"}],"curies":[{"name":"wp","href":"https:\/\/api.w.org\/{rel}","templated":true}]}}