{"id":8369,"date":"2020-06-17T07:02:42","date_gmt":"2020-06-17T07:02:42","guid":{"rendered":"https:\/\/cafecrem.com\/?page_id=8369"},"modified":"2020-06-17T07:06:34","modified_gmt":"2020-06-17T07:06:34","slug":"hosteleria","status":"publish","type":"page","link":"https:\/\/cafecrem.com\/ca\/hosteleria\/","title":{"rendered":"HOSTELER\u00cdA"},"content":{"rendered":"<div class=\"wpb-content-wrapper\">[vc_row][vc_column border_color=&#8221;#ffffff&#8221; width=&#8221;1\/2&#8243; css=&#8221;.vc_custom_1591904944576{background-color: #ffffff !important;}&#8221;][mk_content_box heading=&#8221;CAF\u00c9 CREM HOSTELER\u00cdA&#8221;][vc_single_image image=&#8221;8292&#8243; img_size=&#8221;full&#8221; alignment=&#8221;center&#8221; css_animation=&#8221;fadeIn&#8221; css=&#8221;.vc_custom_1592377446389{margin-left: -20px !important;}&#8221;][\/mk_content_box][\/vc_column][vc_column width=&#8221;1\/2&#8243;][vc_column_text css=&#8221;.vc_custom_1591905069442{margin-bottom: 0px !important;}&#8221;]\n<h3>NOTA DE CATA<\/h3>\n[\/vc_column_text][vc_column_text css=&#8221;.vc_custom_1592377571009{margin-bottom: 0px !important;}&#8221;]<span style=\"font-family: georgia, palatino, serif;\">Caf\u00e9 100% Natural. Un blend muy equilibrado entre Ar\u00e1bica y Robusta. Posee un aroma ligeramente pronunciado. Destaca por su volumen en boca y su fr\u00e1gil acidez, lo que lo convierten en un caf\u00e9 intenso y persistente. Un cafe\u0301 con mucho car\u00e1cter y muy vigoroso.<\/span>[\/vc_column_text][vc_column_text css=&#8221;.vc_custom_1591905219538{margin-bottom: 0px !important;}&#8221;]\n<h4>FORMATO<\/h4>\n[\/vc_column_text][vc_column_text css=&#8221;.vc_custom_1592377081171{margin-bottom: 0px !important;}&#8221;]Grano (1kg y 3kg)[\/vc_column_text][vc_progress_bar values=&#8221;%5B%7B%22label%22%3A%22AROMA%20-%20%22%2C%22value%22%3A%2260%22%2C%22color%22%3A%22bar_red%22%7D%2C%7B%22label%22%3A%22ACIDEZ%20-%20%22%2C%22value%22%3A%2220%22%2C%22color%22%3A%22bar_red%22%7D%2C%7B%22label%22%3A%22CUERPO%20-%20%22%2C%22value%22%3A%2270%22%2C%22color%22%3A%22bar_red%22%7D%2C%7B%22label%22%3A%22AMARGOR%20%2F%20DULZOR%20-%20%22%2C%22value%22%3A%2260%22%2C%22color%22%3A%22bar_red%22%7D%5D&#8221; options=&#8221;animated&#8221; css_animation=&#8221;fadeInLeft&#8221; units=&#8221;%&#8221;][\/vc_column][\/vc_row]\n<\/div>","protected":false},"excerpt":{"rendered":"<p>[vc_row][vc_column border_color=&#8221;#ffffff&#8221; width=&#8221;1\/2&#8243; css=&#8221;.vc_custom_1591904944576{background-color: #ffffff !important;}&#8221;][mk_content_box heading=&#8221;CAF\u00c9 CREM HOSTELER\u00cdA&#8221;][vc_single_image image=&#8221;8292&#8243; img_size=&#8221;full&#8221; alignment=&#8221;center&#8221; css_animation=&#8221;fadeIn&#8221; css=&#8221;.vc_custom_1592377446389{margin-left: -20px !important;}&#8221;][\/mk_content_box][\/vc_column][vc_column width=&#8221;1\/2&#8243;][vc_column_text css=&#8221;.vc_custom_1591905069442{margin-bottom: 0px !important;}&#8221;] NOTA DE CATA [\/vc_column_text][vc_column_text css=&#8221;.vc_custom_1592377571009{margin-bottom: 0px !important;}&#8221;]Caf\u00e9 100% Natural. Un blend muy equilibrado entre Ar\u00e1bica y Robusta. Posee un aroma ligeramente pronunciado. Destaca por su volumen en boca y su fr\u00e1gil acidez, lo que lo [&hellip;]<\/p>\n","protected":false},"author":2,"featured_media":0,"parent":0,"menu_order":0,"comment_status":"closed","ping_status":"closed","template":"","meta":{"inline_featured_image":false,"footnotes":""},"class_list":["post-8369","page","type-page","status-publish","hentry"],"_links":{"self":[{"href":"https:\/\/cafecrem.com\/ca\/wp-json\/wp\/v2\/pages\/8369","targetHints":{"allow":["GET"]}}],"collection":[{"href":"https:\/\/cafecrem.com\/ca\/wp-json\/wp\/v2\/pages"}],"about":[{"href":"https:\/\/cafecrem.com\/ca\/wp-json\/wp\/v2\/types\/page"}],"author":[{"embeddable":true,"href":"https:\/\/cafecrem.com\/ca\/wp-json\/wp\/v2\/users\/2"}],"replies":[{"embeddable":true,"href":"https:\/\/cafecrem.com\/ca\/wp-json\/wp\/v2\/comments?post=8369"}],"version-history":[{"count":2,"href":"https:\/\/cafecrem.com\/ca\/wp-json\/wp\/v2\/pages\/8369\/revisions"}],"predecessor-version":[{"id":8371,"href":"https:\/\/cafecrem.com\/ca\/wp-json\/wp\/v2\/pages\/8369\/revisions\/8371"}],"wp:attachment":[{"href":"https:\/\/cafecrem.com\/ca\/wp-json\/wp\/v2\/media?parent=8369"}],"curies":[{"name":"wp","href":"https:\/\/api.w.org\/{rel}","templated":true}]}}