{"id":8241,"date":"2020-06-01T16:34:47","date_gmt":"2020-06-01T16:34:47","guid":{"rendered":"https:\/\/cafecrem.com\/?page_id=8241"},"modified":"2020-06-01T16:34:47","modified_gmt":"2020-06-01T16:34:47","slug":"terminos-y-condiciones-de-uso","status":"publish","type":"page","link":"https:\/\/cafecrem.com\/ca\/terminos-y-condiciones-de-uso\/","title":{"rendered":"T\u00e9rminos y Condiciones de Uso"},"content":{"rendered":"<div class=\"wpb-content-wrapper\"><div class=\"vc_row wpb_row vc_row-fluid vc_custom_1452794665651  \">\n<div class=\"vc_span12 wpb_column vc_column_container \">\n<div class=\"vc_column-inner \">\n<div class=\"wpb_wrapper\">\n<div class=\"wpb_text_column wpb_content_element   ct_0esi28opd3hvega0vufc\">\n<div class=\"wpb_wrapper\">\n<h3><strong>Introducci\u00f3n<\/strong><\/h3>\n<p><strong>1.1.<\/strong> Gracias por elegir CAF\u00c9 CREM. Mediante el uso y el acceso a este sitio web y a las direcciones URL derivadas de <a href=\"https:\/\/www.cafecrem.com\">www.cafecrem.com<\/a> (en adelante los sitios web), usted otorga un contrato vinculante con nuestra sociedad, su contrato con nosotros incluye su aceptaci\u00f3n a estos \u201cT\u00e9rminos y Condiciones de Uso\u201d y a nuestra \u201cPol\u00edtica de Privacidad\u201d. Si no estuviera de acuerdo con cualquiera de los t\u00e9rminos, por favor, le invitamos a que abandone los sitios web.<\/p>\n<p><strong>1.2.<\/strong> Los sitios web son titularidad de GRUP DE DISTRIBUCI\u00d3 COSTA BRAVA SA (en adelante CAF\u00c9 CREM), cuya raz\u00f3n social es GRUP DE DISTRIBUCI\u00d3 COSTA BRAVA SA, con sede social en el Pol\u00edgono Industrial Bosc de Can Cuca, Calle Talleres, 18, 17410-Sils-Girona, con CIF A17435827. Inscrita en el Registro Mercantil en el Tomo 2651, Folio 140, hoja Registral GI-153 \u00a0y correo electr\u00f3nico: <a href=\"mailto:info@cafecrem.com\">info@cafecrem.com<\/a><\/p>\n<p><strong>1.3.<\/strong> \u00a0CAF\u00c9 CREM te indica que es obligaci\u00f3n del usuario leer las presentes condiciones de uso de los sitios web, consider\u00e1ndose vigentes y por lo tanto aplicables, recomendando a los usuarios imprimir o guardar una copia de los presentes \u201cT\u00e9rminos y condiciones de uso\u201d para posteriormente tener conocimiento de las mismas, si bien las mismas estar\u00e1n en todo momento disponibles en la p\u00e1gina web (<a href=\"https:\/\/www.cafecrem.com\">www.cafecrem.com<\/a>). Todas las condiciones pueden ser almacenadas y reproducidas por los usuarios\/clientes a trav\u00e9s de cualquier herramienta de los procesadores de texto convencionales en el mercado.<\/p>\n<p><strong>1.4.<\/strong> Para poder usar y navegar los sitios web de Conversia, el Usuario debe tener (a) 18 a\u00f1os o m\u00e1s, o tener 14 y contar con el consentimiento paterno o de su tutor a estos t\u00e9rminos, (b) tener capacidad para otorgar un contrato vinculante con nosotros y que ninguna ley aplicable lo proh\u00edba, y (c) ser residente en Espa\u00f1a. El Usuario tambi\u00e9n garantiza que toda informaci\u00f3n que proporcione a CAF\u00c9 CREM sea veraz, precisa y completa, y acepta que as\u00ed sea en todo momento.<\/p>\n<h3><strong>Objeto<\/strong><\/h3>\n<p><strong>2.1.<\/strong> Es objeto de los presentes t\u00e9rminos de uso la navegaci\u00f3n, acceso y uso del portal y de su informaci\u00f3n (Browsing, es decir el ojear un espacio con el prop\u00f3sito de reconocer objetos en \u00e9l), esta conducta f\u00e1ctica supone la aceptaci\u00f3n jur\u00eddica autom\u00e1tica y sin modificaci\u00f3n alguna, de los t\u00e9rminos, condiciones y advertencias recogidas en el presente texto. Las conductas descritas confieren la condici\u00f3n de usuario sin necesidad de firma convencional por parte del usuario, en cuanto a los t\u00e9rminos aqu\u00ed establecidos sin perjuicio de la aplicaci\u00f3n de las correspondientes normativas de obligado cumplimiento. Es obligaci\u00f3n de CAF\u00c9 CREM advertir que si el usuario estuviera en desacuerdo con los t\u00e9rminos presentes en este documento, el usuario deber\u00e1 abstenerse de acceder a los sitios web, por lo que CAF\u00c9 CREM le invita inmediatamente a abandonar este sitio web si est\u00e1 conforme a citada advertencia.<\/p>\n<p><strong>2.2.<\/strong> El Usuario se declara como una persona f\u00edsica o jur\u00eddica, CAF\u00c9 CREM declara, y el usuario reconoce, que CAF\u00c9 CREM proporciona gran diversidad de informaci\u00f3n, servicios y datos, asumiendo el usuario su responsabilidad en el uso correcto de los sitios web. Esta responsabilidad se extender\u00e1 a todos aquellos usos y pr\u00e1cticas que realice el usuario dentro de los sitios web, as\u00ed como el uso de la informaci\u00f3n, servicios y datos ofrecidos por CAF\u00c9 CREM.<\/p>\n<h3><strong>Directrices del Usuario<\/strong><\/h3>\n<p><strong>3.1.<\/strong> Directrices de acceso a los sitios web<\/p>\n<p><strong>3.1.1.<\/strong> Para acceder a los sitios web, el usuario debe contar con un acceso y conexi\u00f3n a la Red Internet, abonar las tarifas de acceso, tener el equipo\/dispositivo y los sistemas electr\u00f3nicos necesarios para realizar la conexi\u00f3n a la red, incluyendo un terminal que sea adecuado al efecto (ordenador, tel\u00e9fono, Tablet, etc \u2026 ) y un modem u otro dispositivo de acceso an\u00e1logo o similar.<\/p>\n<p><strong>3.1.2.<\/strong> El usuario conoce que el correcto acceso y uso de \u00a0determinados contenidos y servicios de los sitios web, puede implicar la descarga en sus dispositivos inform\u00e1ticos de determinados programas de ordenador u otros elementos l\u00f3gicos. El usuario es el \u00fanico responsable por la instalaci\u00f3n de citados elementos, declinando CAF\u00c9 CREM cualquier tipo de responsabilidad que de ello pudiera derivar.<\/p>\n<p><strong>3.2.<\/strong> Directrices de utilizaci\u00f3n de los sitios web por el usuario.<\/p>\n<p><strong>3.2.1.<\/strong> El usuario se obliga a llevar a cabo una utilizaci\u00f3n de los sitios web, sus condiciones, servicios que se pudieran ofrecer, contenidos de conformidad con la Ley, la Moral, las buenas Costumbres y el orden p\u00fablico, no utiliz\u00e1ndolo contrariamente a los \u00a0contenidos presentes en este texto, de forma lesiva para CAF\u00c9 CREM o terceros, o que de cualquier forma pueda da\u00f1ar, inutilizar o deteriorar los sitios web o sus servicios, o impedir un normal disfrute de los sitios web por otros usuarios.<\/p>\n<p><strong>3.2.2.<\/strong> El usuario abstendr\u00e1 de realizar acciones que da\u00f1en, interrumpan o generen errores en los sistemas de CAF\u00c9 CREM, as\u00ed como introducir programas, virus, macros, applets, controles ActiveX o cualquier otro dispositivo l\u00f3gico o secuencia de caracteres que causen o sean susceptibles de causar cualquier tipo de alteraci\u00f3n en los sistemas inform\u00e1ticos.<\/p>\n<p><strong>3.2.3.<\/strong> CAF\u00c9 CREM se reserva el derecho a denegar o retirar el acceso a los sitios web y\/o a los Servicios, en cualquier momento y sin necesidad de previo aviso a aquellos usuarios que incumplan los t\u00e9rminos y condiciones de uso.<\/p>\n<p><strong>3.3.<\/strong> Limitaci\u00f3n de responsabilidad de CAF\u00c9 CREM por el uso de los sitios web<\/p>\n<p><strong>3.3.1.<\/strong> Los sitios web pueden albergar contenidos publicitarios o estar patrocinados. Los anunciantes y patrocinadores son los \u00fanicos responsables de asegurarse que el material remitido, para su inclusi\u00f3n en los sitios web, cumple con las leyes que en cada caso puedan ser de aplicaci\u00f3n. CAF\u00c9 CREM no ser\u00e1 responsable de cualquier erro, inexactitud o irregularidad que puedan contener los contenidos publicitarios o de los patrocinadores.<\/p>\n<p><strong>3.3.2.<\/strong> CAF\u00c9 CREM hace todos los esfuerzos necesarios para ofrecer la informaci\u00f3n contenida en los sitios web de forma veraz y sin errores tipogr\u00e1ficos. En el caso que en alg\u00fan momento se produjera alg\u00fan error de este tipo, ajeno en todo momento a la voluntad de CAF\u00c9 CREM, se proceder\u00eda a la subsanaci\u00f3n de la errata a la mayor brevedad y se facilitar\u00e1 al usuario la informaci\u00f3n y opciones establecidas en la legislaci\u00f3n vigente.<\/p>\n<p><strong>3.3.3.<\/strong> CAF\u00c9 CREM no ser\u00e1 responsable frente al usuario, en cuanto:<\/p>\n<p>\u2013 la eficacia en la conexi\u00f3n as\u00ed como la velocidad de acceso a los sitios web por le usuario. Las interferencias, omisiones, interrupciones, virus inform\u00e1ticos, aver\u00edas telef\u00f3nicas o desconexiones en el funcionamiento operativo del sistema electr\u00f3nico por causas ajenas a CAF\u00c9 CREM.<\/p>\n<p>\u2013 la informaci\u00f3n introducida por usuarios y terceras personas, ajenas a CAF\u00c9 CREM y con los que no se mantenga ning\u00fan tipo de acuerdo ni colaboraci\u00f3n contractual.<\/p>\n<h3><strong>Pol\u00edtica de enlaces y exenciones de responsabilidad<\/strong><\/h3>\n<p><strong>4.1.<\/strong> CAF\u00c9 CREM no se hace responsable del contenido de las p\u00e1ginas web a las que el usuario pueda acceder a trav\u00e9s de los enlaces establecidos en la plataforma y declara que en ning\u00fan caso proceder\u00e1 a examinar o ejercitar ning\u00fan tipo de control sobre el contenido de otras p\u00e1ginas de la red. Asimismo, tampoco garantizar\u00e1 la disponibilidad t\u00e9cnica, exactitud, veracidad, validez o legalidad de p\u00e1ginas ajenas a su propiedad a las que se pueda acceder por medio de los enlaces.<\/p>\n<p><strong>4.2.<\/strong> CAF\u00c9 CREM declara haber adoptado todas las medidas necesarias para evitar cualquier da\u00f1o que, a los usuarios de sus sitios webs, pudieran derivarse de la navegaci\u00f3n por internet o pudiera sufrir el usuario.<\/p>\n<h3><strong>Vigencia del presente texto<\/strong><\/h3>\n<p><strong>5.1.<\/strong> CAF\u00c9 CREM se reserva el derecho a realizar las modificaciones que considere oportunas, sin aviso previo, en el contenido del sitio web. Tanto en lo referente a los contenidos de los sitios, como en las condiciones de uso de las mismos. Dichas modificaciones podr\u00e1n realizarse, a trav\u00e9s del sitio web, por cualquier forma admisible en derecho y ser\u00e1n de obligado cumplimiento durante el tiempo en que exclusivamente se encuentren publicadas y a disposici\u00f3n en los sitios web y hasta que no sean modificadas por otras posteriores.<\/p>\n<p><strong>5.2.<\/strong> CAF\u00c9 CREM se reserva el derecho a actualizar el uso, t\u00e9rminos y condiciones aplicables a los sitios web. Siendo siempre de aplicaci\u00f3n, en beneficio del usuario, los vigentes en el momento en que acceda al sitio web, as\u00ed como los vigentes a fecha de la posible solicitud de servicios, si fuera este el caso. La actualizaci\u00f3n se pre-avisar\u00e1 a trav\u00e9s del sitio web, que se abrir\u00e1 al acceder a la p\u00e1gina con una antelaci\u00f3n m\u00ednima de 15 d\u00edas.<\/p>\n<h3><strong>Propiedad intelectual e industrial<\/strong><\/h3>\n<p><strong>6.1.<\/strong> Todos los textos, im\u00e1genes, contenidos, logos, marcas registradas o no, as\u00ed como los medios y formas de presentaci\u00f3n y montaje de los sitios web, son titularidad originaria o derivativamente de CAF\u00c9 CREM. Consecuentemente son obras o contenidos protegidos como propiedad intelectual y\/o propiedad industrial por el ordenamiento jur\u00eddico espa\u00f1ol conforme al Real Decreto legislativo 1\/1996, de 12 de abril por lo que se aprueba el Testo Refundido de la Ley de Propiedad intelectual y por la Ley 17\/2001, de 7 de diciembre, si\u00e9ndoles adem\u00e1s aplicables tanto la normativa espa\u00f1ola af\u00edn y comunitaria en los citados campos, como los tratados internacionales relativos a la materia y suscritos por Espa\u00f1a.<\/p>\n<p><strong>6.2.<\/strong> Todos los derechos sobre los contenidos, est\u00e1n reservados quedando prohibida expresamente la reproducci\u00f3n, distribuci\u00f3n, comunicaci\u00f3n p\u00fablica, transformaci\u00f3n y\/o cualquier modalidad de uso, de la totalidad o parte de los contenidos de los sitios web sin el consentimiento expreso de CAF\u00c9 CREM.<\/p>\n<h3><strong>Legislaci\u00f3n aplicable y jurisdicci\u00f3n<\/strong><\/h3>\n<p><strong>7.1.<\/strong> CAF\u00c9 CREM se reserva asimismo la facultad de presentar las acciones civiles o penales que considere oportunas por la utilizaci\u00f3n indebida de sus p\u00e1ginas web y contenidos, o por el incumplimiento de las presentes condiciones.<\/p>\n<p><strong>7.2.<\/strong> Las partes acuerdan, de sus libres voluntades que la relaci\u00f3n entre el usuario y CAF\u00c9 CREM (GRUP DE DISTRIBUCI\u00d3 COSTA BRAVA SA) se regir\u00e1 por la normativa espa\u00f1ola vigente y ser\u00e1n competentes para decidir sobre cualquier controversia que se pudiera suscitar entre el usuario y CAF\u00c9 CREM. Los juzgados o tribunales de la localidad de Girona.<\/p>\n<p>Sils (Girona), a 27 de Julio de 2015.<\/p>\n<\/div>\n<\/div>\n<\/div>\n<\/div>\n<\/div>\n<\/div>\n<\/div>","protected":false},"excerpt":{"rendered":"<p>Introducci\u00f3n 1.1. Gracias por elegir CAF\u00c9 CREM. Mediante el uso y el acceso a este sitio web y a las direcciones URL derivadas de www.cafecrem.com (en adelante los sitios web), usted otorga un contrato vinculante con nuestra sociedad, su contrato con nosotros incluye su aceptaci\u00f3n a estos \u201cT\u00e9rminos y Condiciones de Uso\u201d y a nuestra [&hellip;]<\/p>\n","protected":false},"author":1,"featured_media":0,"parent":0,"menu_order":0,"comment_status":"closed","ping_status":"closed","template":"","meta":{"inline_featured_image":false,"footnotes":""},"class_list":["post-8241","page","type-page","status-publish","hentry"],"_links":{"self":[{"href":"https:\/\/cafecrem.com\/ca\/wp-json\/wp\/v2\/pages\/8241","targetHints":{"allow":["GET"]}}],"collection":[{"href":"https:\/\/cafecrem.com\/ca\/wp-json\/wp\/v2\/pages"}],"about":[{"href":"https:\/\/cafecrem.com\/ca\/wp-json\/wp\/v2\/types\/page"}],"author":[{"embeddable":true,"href":"https:\/\/cafecrem.com\/ca\/wp-json\/wp\/v2\/users\/1"}],"replies":[{"embeddable":true,"href":"https:\/\/cafecrem.com\/ca\/wp-json\/wp\/v2\/comments?post=8241"}],"version-history":[{"count":1,"href":"https:\/\/cafecrem.com\/ca\/wp-json\/wp\/v2\/pages\/8241\/revisions"}],"predecessor-version":[{"id":8242,"href":"https:\/\/cafecrem.com\/ca\/wp-json\/wp\/v2\/pages\/8241\/revisions\/8242"}],"wp:attachment":[{"href":"https:\/\/cafecrem.com\/ca\/wp-json\/wp\/v2\/media?parent=8241"}],"curies":[{"name":"wp","href":"https:\/\/api.w.org\/{rel}","templated":true}]}}