{"id":11635,"date":"2020-06-01T16:37:27","date_gmt":"2020-06-01T16:37:27","guid":{"rendered":"https:\/\/cafecrem.shortcode.es\/politica-de-privadesa\/"},"modified":"2025-03-05T10:45:36","modified_gmt":"2025-03-05T10:45:36","slug":"politica-de-privadesa","status":"publish","type":"page","link":"https:\/\/cafecrem.com\/ca\/politica-de-privadesa\/","title":{"rendered":"Pol\u00edtica de Privadesa"},"content":{"rendered":"<div class=\"wpb-content-wrapper\">[vc_row][vc_column][vc_column_text css=&#8221;.vc_custom_1741171528788{margin-bottom: 0px !important;}&#8221;]\n<div class=\"wpb_wrapper\">\n<h3 style=\"text-align: justify;\">Pol\u00edtica de privadesa<\/h3>\n<p>GRUP DE DISTRIBUCI\u00d3 COSTA BRAVA, SA, es compromet a protegir la privadesa dels usuaris que accedeixin a aquesta web i\/o qualsevol dels seus serveis. La utilitzaci\u00f3 de la web i\/o de qualsevol dels serveis oferts per GRUP DE DISTRIBUCI\u00d3 COSTA BRAVA, SA implica l&#8217;acceptaci\u00f3 per l&#8217;usuari de les disposicions contingudes en aquesta Pol\u00edtica de Privadesa i que les seves dades personals siguin tractades segons s&#8217;hi estipula. Si us plau, tingueu en compte que tot i que hi pugui haver enlla\u00e7os de la nostra web a altres webs o xarxes socials, aquesta Pol\u00edtica de Privadesa no s&#8217;aplica a les webs d&#8217;altres companyies o organitzacions a les quals la web estigui redirigida. GRUP DE DISTRIBUCI\u00d3 COSTA BRAVA, SA no controla el contingut de les webs de tercers, ni accepta qualsevol responsabilitat pel contingut o les pol\u00edtiques de privadesa d&#8217;aquestes webs. <!-- \/wp:paragraph --><\/p>\n<!-- wp:paragraph -->\n<\/div>\n<div>\u00a0<\/div>\n<div class=\"wpb_wrapper\">\n<p><strong>Informaci\u00f3 b\u00e0sica sobre el tractament de dades (Reglament (UE) 2016\/679 i LO 3\/2018)<\/strong> <!-- \/wp:paragraph --><\/p>\n<!-- wp:table -->\n<figure class=\"wp-block-table\">\n<table>\n<tbody>\n<tr>\n<td><strong>Responsable del tractament<\/strong><\/td>\n<td>GRUP DE DISTRIBUCI\u00d3 COSTA BRAVA, SA NIF: A17435827 Pol. Ind. Bosc de Can Cuca, c\/Tallers, 18 17410 Sils Email: grupcostabrava@grupcostabrava.com<\/td>\n<\/tr>\n<tr>\n<td><strong>Finalitat del tractament<\/strong><\/td>\n<td>Oferir i gestionar els nostres serveis de distribuci\u00f3 de productes d&#8217;alimentaci\u00f3 i begudes a l&#8217;engr\u00f2s.<\/td>\n<\/tr>\n<tr>\n<td><strong>Legitimaci\u00f3<\/strong><\/td>\n<td>Consentiment obtingut de linteressat quan ens sol\u00b7licita informaci\u00f3. Execuci\u00f3 del contracte de serveis quan contracta amb nosaltres.<\/td>\n<\/tr>\n<tr>\n<td><strong>Destinataris<\/strong><\/td>\n<td>Les dades no seran comunicades a tercers, llevat que ho exigeixi una llei o sigui necessari per complir amb la finalitat del tractament.<\/td>\n<\/tr>\n<tr>\n<td><strong>Drets de les persones<\/strong><\/td>\n<td>Els interessats tenen dret a exercir els drets dacc\u00e9s, rectificaci\u00f3, limitaci\u00f3 de tractament, supressi\u00f3, portabilitat i oposici\u00f3, enviant la seva sol\u00b7licitud a la nostra adre\u00e7a.<\/td>\n<\/tr>\n<tr>\n<td><strong>Termini de conservaci\u00f3 de les dades<\/strong><\/td>\n<td>Mentre es mantingui la relaci\u00f3 comercial o durant els anys necessaris per complir les obligacions legals.<\/td>\n<\/tr>\n<tr>\n<td><strong>Reclamaci\u00f3<\/strong><\/td>\n<td>Els interessats poden adre\u00e7ar-se a lAEPD per presentar la reclamaci\u00f3 que consideri oportuna.<\/td>\n<\/tr>\n<tr>\n<td><strong>Informaci\u00f3 addicional<\/strong><\/td>\n<td>Podeu consultar la informaci\u00f3 addicional i detallada a continuaci\u00f3 a les \u00abPreguntes sobre privadesa\u00bb.<\/td>\n<\/tr>\n<\/tbody>\n<\/table>\n<\/figure>\n<!-- \/wp:table -->\n<!-- wp:paragraph --> <strong>Preguntes sobre privadesa<\/strong> <!-- \/wp:paragraph -->\n<!-- wp:paragraph -->\n<\/div>\n<div class=\"wpb_wrapper\">\n<p>En compliment del Reglament (UE) 2016\/679 del Parlament Europeu i del Consell, de 27 d&#8217;abril de 2016, (RGPD), i la Llei Org\u00e0nica 3\/2018, de 5 de desembre, de Protecci\u00f3 de Dades Personals i garantia dels drets digitals (LOPDGDD, us oferim la seg\u00fcent informaci\u00f3 sobre el tractament de les vostres dades <!-- \/wp:paragraph --><\/p>\n<!-- wp:paragraph -->\n<\/div>\n<div>\u00a0<\/div>\n<div class=\"wpb_wrapper\"><strong>Qui \u00e9s el responsable del tractament de les vostres dades?<\/strong><\/div>\n<div class=\"wpb_wrapper\"><!-- \/wp:paragraph -->\n<!-- wp:paragraph --> Identitat: GRUP DE DISTRIBUCI\u00d3 COSTA BRAVA, SA <!-- \/wp:paragraph -->\n<!-- wp:paragraph --> NIF: A17435827 <!-- \/wp:paragraph -->\n<!-- wp:paragraph --> Adre\u00e7a: Pol. Ind. Bosc de Can Cuca, c\/Tallers, 18 17410 Sils <!-- \/wp:paragraph -->\n<!-- wp:paragraph --> Tel.: 972853512 <!-- \/wp:paragraph -->\n<!-- wp:paragraph --> Email: grupcostabrava@grupcostabrava.com <!-- \/wp:paragraph -->\n<!-- wp:paragraph -->\n<\/div>\n<div>\u00a0<\/div>\n<div class=\"wpb_wrapper\">\n<p><strong>Amb quina finalitat tractem les vostres dades personals?<\/strong> <!-- \/wp:paragraph --><\/p>\n<!-- wp:list -->\n<ul>\n<li style=\"list-style-type: none;\">\n<ul><!-- wp:list-item --><\/p>\n<li>Tractem la informaci\u00f3 que se&#8217;ns facilita per gestionar els nostres serveis de distribuci\u00f3 de productes d&#8217;alimentaci\u00f3 i begudes a l&#8217;engr\u00f2s.<\/li>\n<li>En cas que es posi en contacte amb nosaltres a trav\u00e9s del formulari de contacte de la nostra p\u00e0gina web, els tractarem per gestionar la vostra consulta.<\/li>\n<li>Tamb\u00e9 podrem utilitzar les seves dades per informar sobre futures promocions, ofertes i altres accions comercials en els casos en qu\u00e8 vost\u00e8 ja sigui client o, si no ho \u00e9s, quan ens hagi proporcionat el seu consentiment al corresponent apartat.<\/li>\n<li>En accedir a les nostres instal\u00b7lacions la seva imatge es pot registrar mitjan\u00e7ant c\u00e0meres de videovigil\u00e0ncia amb fins de control de seguretat.<\/li>\n<li>Si ens envieu un curr\u00edculum, tractarem les dades per tal de gestionar la base de CV \u2018s per a la selecci\u00f3 de personal.<\/li>\n<\/ul>\n<\/li>\n<\/ul>\n<!-- \/wp:list-item --><!-- \/wp:list -->\n<!-- wp:paragraph --> <strong>Quant de temps conservarem les vostres dades?<\/strong> <!-- \/wp:paragraph -->\n<!-- wp:paragraph -->\n<\/div>\n<div class=\"wpb_wrapper\">\n<p>Les dades personals proporcionades es conservaran mentre sigui usuari dels nostres serveis o vulgui rebre informaci\u00f3, at\u00e8s que pot oposar-se al tractament de les seves dades amb fins promocionals, quan ens les faciliti o en qualsevol moment posterior, comunicant-nos-ho al correu grupcostabrava@grupcostabrava.com, i despr\u00e9s, durant els terminis establerts per complir amb les nostres obligacions legals, que en el cas documentaci\u00f3 l&#8217;art. 30 del Codi Comer\u00e7, ia efectes fiscals seran 4 anys, dacord amb els articles 66 a 70 de la Llei General Tribut\u00e0ria. Les imatges captades pel sistema de videovigil\u00e0ncia es conservaran durant un mes. En el cas dels curr\u00edculums, les dades es conservaran durant un any. <!-- \/wp:paragraph --><\/p>\n<!-- wp:paragraph -->\n<\/div>\n<div>\u00a0<\/div>\n<div class=\"wpb_wrapper\">\n<p><strong>Quina \u00e9s la legitimaci\u00f3 per al tractament de les vostres dades?<\/strong> <!-- \/wp:paragraph --><\/p>\n<!-- wp:paragraph -->\n<\/div>\n<div class=\"wpb_wrapper\">\n<p>Per a la gesti\u00f3 de la relaci\u00f3 contractual amb linteressat basarem el tractament de les dades en lexecuci\u00f3 del contracte o en el marc de la relaci\u00f3 precontractual. Per a l&#8217;enviament d&#8217;informaci\u00f3 comercial basarem el tractament en el vostre consentiment, encara que si ja sou client podrem enviar-vos informaci\u00f3 sobre productes similars, proporcionant sempre un mitj\u00e0 senzill i gratu\u00eft per donar-vos de baixa, d&#8217;acord amb el que disposa l&#8217;article 21.2 de la Llei 34\/2002, d&#8217;11 de juliol, de serveis de la societat de la informaci\u00f3 i de comer\u00e7 electr\u00f2nic. Pel que fa a la legitimaci\u00f3 ve donada per l&#8217;inter\u00e8s leg\u00edtim de preservar la seguretat de les persones i els b\u00e9ns. <!-- \/wp:paragraph --><\/p>\n<!-- wp:paragraph -->\n<\/div>\n<div>\u00a0<\/div>\n<div class=\"wpb_wrapper\"><strong>A quins destinataris es comunicaran les vostres dades?<\/strong><\/div>\n<div class=\"wpb_wrapper\"><!-- \/wp:paragraph -->\n<!-- wp:paragraph --> Les dades no seran comunicades a tercers, tret que ho exigeixi una llei o sigui necessari per complir amb la finalitat del tractament, com ser\u00e0 el cas de les ag\u00e8ncies de transport per a l&#8217;enviament de les comandes. <!-- \/wp:paragraph -->\n<!-- wp:paragraph -->\n<\/div>\n<div>\u00a0<\/div>\n<div class=\"wpb_wrapper\">\n<p><strong>Quins s\u00f3n els vostres drets quan ens facilita les vostres dades?<\/strong> <!-- \/wp:paragraph --><\/p>\n<!-- wp:list -->\n<ul>\n<li style=\"list-style-type: none;\">\n<ul><!-- wp:list-item --><\/p>\n<li>Qualsevol persona t\u00e9 dret a obtenir confirmaci\u00f3 sobre si estem tractant o no les vostres dades personals.<\/li>\n<li>Els interessats tenen dret a accedir a les seves dades personals, aix\u00ed com a sol\u00b7licitar la rectificaci\u00f3 de les dades inexactes o, si escau, sol\u00b7licitar-ne la supressi\u00f3 quan, entre altres motius, les dades ja no siguin necess\u00e0ries per a les finalitats per a les quals es van recollir.<\/li>\n<li>En determinades circumst\u00e0ncies els interessats podran sol\u00b7licitar la limitaci\u00f3 del tractament de les vostres dades, en aquest cas \u00fanicament les conservarem per a l&#8217;exercici o la defensa de reclamacions.<\/li>\n<li>Tamb\u00e9, en determinades circumst\u00e0ncies i per motius relacionats amb la seva situaci\u00f3 particular, els interessats poden oposar-se al tractament de les dades. En aquest cas deixarem de tractar les dades, excepte per motius leg\u00edtims imperiosos o per a l&#8217;exercici o la defensa de possibles reclamacions.<\/li>\n<li>Els interessats tamb\u00e9 tenen dret a la portabilitat de les vostres dades.<\/li>\n<li>Tot interessat tindr\u00e0 dret a no ser objecte d&#8217;una decisi\u00f3 basada \u00fanicament en el tractament automatitzat, inclosa l&#8217;elaboraci\u00f3 de perfils, que hi produeixi efectes jur\u00eddics o l&#8217;afecti significativament de manera similar.<\/li>\n<li>Finalment, els interessats tenen dret a presentar una reclamaci\u00f3 davant de l&#8217;Autoritat de Control competent.<\/li>\n<\/ul>\n<\/li>\n<\/ul>\n<!-- \/wp:list-item --><!-- \/wp:list -->\n<!-- wp:paragraph --> <strong>\u00a0Com podeu exercir els vostres drets?<\/strong> <!-- \/wp:paragraph -->\n<!-- wp:paragraph -->\n<\/div>\n<div class=\"wpb_wrapper\">Enviant un escrit adjuntant una c\u00f2pia d&#8217;un document que l&#8217;identifiqui, a la nostra adre\u00e7a f\u00edsica o electr\u00f2nica.<\/div>\n<div>\u00a0<\/div>\n<div class=\"wpb_wrapper\"><!-- \/wp:paragraph -->\n<p><!-- wp:paragraph --> <strong>Com hem obtingut les vostres dades?<\/strong><\/p>\n<\/div>\n<div class=\"wpb_wrapper\"><!-- \/wp:paragraph -->\n<!-- wp:paragraph --> Les dades personals que tractem procedeixen del mateix interessat. L&#8217;interessat garanteix que les dades personals facilitades s\u00f3n certes i es fa responsable de comunicar-ne qualsevol modificaci\u00f3. Les dades que estiguin marcades amb un asterisc seran obligat\u00f2ries per poder donar-li el servei sol\u00b7licitat.<!-- \/wp:paragraph -->\n<!-- wp:paragraph -->\n<\/div>\n<div>\u00a0<\/div>\n<div class=\"wpb_wrapper\"><strong>Quines dades tractem?<\/strong><\/div>\n<div class=\"wpb_wrapper\"><!-- \/wp:paragraph -->\n<!-- wp:paragraph -->Les categories de dades que podem tractar en la prestaci\u00f3 dels nostres serveis s\u00f3n: <!-- \/wp:paragraph -->\n<!-- wp:list -->\n<ul>\n<li style=\"list-style-type: none;\">\n<ul><!-- wp:list-item --><\/p>\n<li>Dades de car\u00e0cter identificatiu<\/li>\n<li>Adreces postals o electr\u00f2niques<\/li>\n<li>Dades de transaccions de b\u00e9ns i serveis En el cas del sistema de videovigil\u00e0ncia:<\/li>\n<li>Imatge En el cas dels curr\u00edculums, tamb\u00e9:<\/li>\n<li>Caracter\u00edstiques personals<\/li>\n<li>Acad\u00e8mics i professionals<\/li>\n<\/ul>\n<\/li>\n<\/ul>\n<!-- \/wp:list-item --><!-- \/wp:list -->\n<p><!-- wp:paragraph --> Les dades s\u00f3n limitades, at\u00e8s que \u00fanicament tractem les dades necess\u00e0ries per a la prestaci\u00f3 dels nostres serveis i la gesti\u00f3 de la nostra activitat.<\/p>\n<\/div>\n<div>\u00a0<\/div>\n<div class=\"wpb_wrapper\"><!-- \/wp:paragraph -->\n<!-- wp:paragraph --> <strong>Realitzem transfer\u00e8ncies internacionals de dades?<\/strong> <!-- \/wp:paragraph -->\n<!-- wp:paragraph -->\n<\/div>\n<div class=\"wpb_wrapper\">\n<p>Per a l&#8217;enviament de comunicacions comercials utilitzem el servei MailChimp que proporciona l&#8217;empresa The Rocket Science Group, LLC, ubicada als Estats Units. La transfer\u00e8ncia internacional de dades est\u00e0 basada en les Cl\u00e0usules Contractuals Tipus per a processadors aprovades per la Comissi\u00f3 Europea, i en la Decisi\u00f3 d&#8217;Execuci\u00f3 de la Comissi\u00f3 de 10.7.2023 d&#8217;acord amb el Reglament (UE) 2016\/679 del Parlament Europeu i del Consell, sobre el nivell adequat de protecci\u00f3 de les dades personals. <!-- \/wp:paragraph --><\/p>\n<!-- wp:paragraph -->\n<\/div>\n<div>\u00a0<\/div>\n<div class=\"wpb_wrapper\">\n<p><strong>\u00bfUsamos cookies?<\/strong> <!-- \/wp:paragraph --><\/p>\n<!-- wp:paragraph -->\n<\/div>\n<div class=\"wpb_wrapper\">\n<p>El nostre lloc web no utilitza galetes per recollir informaci\u00f3 dels usuaris. \u00danicament s&#8217;utilitzen cookies pr\u00f2pies, de sessi\u00f3, amb finalitat t\u00e8cnica (aquelles que permeten a l&#8217;usuari la navegaci\u00f3 a trav\u00e9s del lloc web i la utilitzaci\u00f3 de les diferents opcions i serveis que hi existeixen). Aquesta web pot tenir enlla\u00e7os a web de tercers que tenen pol\u00edtiques de privadesa alienes a la nostra web. A l&#8217;hora d&#8217;accedir a aquests llocs web vost\u00e8 pot decidir si accepta les seves pol\u00edtiques de privadesa i de cookies. Amb car\u00e0cter general, si navega per internet vost\u00e8 pot acceptar o rebutjar les galetes de tercers des de les opcions de configuraci\u00f3 del seu navegador. <!-- \/wp:paragraph --><\/p>\n<p><!-- wp:paragraph --> <strong>\u00a0<\/strong><\/p>\n<\/div>\n<div>\u00a0<\/div>\n<div class=\"wpb_wrapper\"><strong>Quines mesures de seguretat apliquem?<\/strong><\/div>\n<div class=\"wpb_wrapper\"><!-- \/wp:paragraph -->\n<!-- wp:paragraph --> Apliquem les mesures de seguretat establertes a l&#8217;article 32 del RGPD, per tant, hem adoptat les mesures de seguretat necess\u00e0ries per garantir un nivell de seguretat adequat al risc del tractament de dades que realitzem, amb mecanismes que ens permeten garantir la confidencialitat, integritat, disponibilitat i resili\u00e8ncia permanent dels sistemes i serveis de tractament. <!-- \/wp:paragraph -->\n<!-- wp:paragraph --> Algunes daquestes mesures s\u00f3n: <!-- \/wp:paragraph -->\n<!-- wp:list -->\n<ul>\n<li style=\"list-style-type: none;\">\n<ul><!-- wp:list-item --><\/p>\n<li>Informaci\u00f3 de les pol\u00edtiques de tractament de dades al personal.<\/li>\n<li>Realitzaci\u00f3 de c\u00f2pies de seguretat peri\u00f2diques.<\/li>\n<li>Control dacc\u00e9s a les dades.<\/li>\n<li>Processos de verificaci\u00f3, avaluaci\u00f3 i valoraci\u00f3 regulars.<\/li>\n<\/ul>\n<\/li>\n<\/ul>\n<!-- \/wp:list-item --><!-- \/wp:list -->\n<\/div>\n[\/vc_column_text][\/vc_column][\/vc_row]\n<\/div>","protected":false},"excerpt":{"rendered":"<p>[vc_row][vc_column][vc_column_text css=&#8221;.vc_custom_1741171528788{margin-bottom: 0px !important;}&#8221;] Pol\u00edtica de privadesa GRUP DE DISTRIBUCI\u00d3 COSTA BRAVA, SA, es compromet a protegir la privadesa dels usuaris que accedeixin a aquesta web i\/o qualsevol dels seus serveis. La utilitzaci\u00f3 de la web i\/o de qualsevol dels serveis oferts per GRUP DE DISTRIBUCI\u00d3 COSTA BRAVA, SA implica l&#8217;acceptaci\u00f3 per l&#8217;usuari de les [&hellip;]<\/p>\n","protected":false},"author":1,"featured_media":0,"parent":0,"menu_order":0,"comment_status":"closed","ping_status":"closed","template":"","meta":{"inline_featured_image":false,"footnotes":""},"class_list":["post-11635","page","type-page","status-publish","hentry"],"_links":{"self":[{"href":"https:\/\/cafecrem.com\/ca\/wp-json\/wp\/v2\/pages\/11635","targetHints":{"allow":["GET"]}}],"collection":[{"href":"https:\/\/cafecrem.com\/ca\/wp-json\/wp\/v2\/pages"}],"about":[{"href":"https:\/\/cafecrem.com\/ca\/wp-json\/wp\/v2\/types\/page"}],"author":[{"embeddable":true,"href":"https:\/\/cafecrem.com\/ca\/wp-json\/wp\/v2\/users\/1"}],"replies":[{"embeddable":true,"href":"https:\/\/cafecrem.com\/ca\/wp-json\/wp\/v2\/comments?post=11635"}],"version-history":[{"count":4,"href":"https:\/\/cafecrem.com\/ca\/wp-json\/wp\/v2\/pages\/11635\/revisions"}],"predecessor-version":[{"id":11697,"href":"https:\/\/cafecrem.com\/ca\/wp-json\/wp\/v2\/pages\/11635\/revisions\/11697"}],"wp:attachment":[{"href":"https:\/\/cafecrem.com\/ca\/wp-json\/wp\/v2\/media?parent=11635"}],"curies":[{"name":"wp","href":"https:\/\/api.w.org\/{rel}","templated":true}]}}