{"id":11664,"date":"2020-03-11T17:40:39","date_gmt":"2020-03-11T17:40:39","guid":{"rendered":"https:\/\/cafecrem.shortcode.es\/producto\/cafe-crem-soluble-descafeinat-monodosi-100u\/"},"modified":"2025-03-31T14:20:50","modified_gmt":"2025-03-31T14:20:50","slug":"cafe-crem-soluble-descafeinat-monodosi-100u","status":"publish","type":"product","link":"http:\/\/cafecrem.com\/ca\/producte\/cafe-crem-soluble-descafeinat-monodosi-100u\/","title":{"rendered":"Caf\u00e9 Crem Soluble Descafe\u00efnat Monodosi 100u."},"content":{"rendered":"<p style=\"margin: 0px 0px 10px; padding: 0px; border: 0px; font-size: 15px; line-height: 20px; font-family: Lato; vertical-align: baseline; color: #2f1a13; background-color: #ffffff;\">Caf\u00e8 DESCAFE\u00cfNAT amb el mateix caf\u00e8 100% Natural. Blend realitzat a les nostres finques seleccionades amb un contingut del 75% de caf\u00e8 Ar\u00e0bica i 25% de caf\u00e8 Robusta. Aquest caf\u00e8 \u00e9s el m\u00e9s indicat per a locals definits com a Cafeteria per la seva gran producci\u00f3 de crema.<\/p>\n<p style=\"margin: 0px 0px 10px; padding: 0px; border: 0px; font-size: 15px; line-height: 20px; font-family: Lato; vertical-align: baseline; color: #2f1a13; background-color: #ffffff;\">Molt valorat pels amants de caf\u00e8s <em>ristretts<\/em> o curts i, de gran cos per a begudes amb llet, <em>cappuccino<\/em> o caf\u00e8 amb llet tradicional.<\/p>\n","protected":false},"excerpt":{"rendered":"<p class=\"p1\" style=\"margin: 0px 0px 10px; padding: 0px; border: 0px; font-size: 15px; line-height: 20px; font-family: Lato; vertical-align: baseline; color: #2f1a13; background-color: #ffffff;\"><span class=\"s1\" style=\"margin: 0px; padding: 0px; border: 0px; font: inherit; vertical-align: baseline;\">Sobres de caf\u00e8 descafe\u00efnat soluble. <\/span><\/p>\n<p class=\"p1\" style=\"margin: 0px 0px 10px; padding: 0px; border: 0px; font-size: 15px; line-height: 20px; font-family: Lato; vertical-align: baseline; color: #2f1a13; background-color: #ffffff;\"><span style=\"margin: 0px; padding: 0px; border: 0px; font-style: inherit; font-variant: inherit; font-weight: bold; font-size: inherit; line-height: inherit; font-family: inherit; vertical-align: baseline;\">Format:<\/span> Sobres monodosi de 2gr<br \/>\n<span style=\"margin: 0px; padding: 0px; border: 0px; font-style: inherit; font-variant: inherit; font-weight: bold; font-size: inherit; line-height: inherit; font-family: inherit; vertical-align: baseline;\">Presentaci\u00f3:<\/span> Caixa de 100 unitats<\/p>\n","protected":false},"featured_media":10759,"template":"","meta":{"inline_featured_image":false},"product_brand":[],"product_cat":[521,485],"product_tag":[],"class_list":{"0":"post-11664","1":"product","2":"type-product","3":"status-publish","4":"has-post-thumbnail","6":"product_cat-cafe-a-monodosi-cialda","7":"product_cat-cafes-ca","9":"first","10":"instock","11":"taxable","12":"shipping-taxable","13":"purchasable","14":"product-type-simple"},"_links":{"self":[{"href":"http:\/\/cafecrem.com\/ca\/wp-json\/wp\/v2\/product\/11664","targetHints":{"allow":["GET"]}}],"collection":[{"href":"http:\/\/cafecrem.com\/ca\/wp-json\/wp\/v2\/product"}],"about":[{"href":"http:\/\/cafecrem.com\/ca\/wp-json\/wp\/v2\/types\/product"}],"wp:featuredmedia":[{"embeddable":true,"href":"http:\/\/cafecrem.com\/ca\/wp-json\/wp\/v2\/media\/10759"}],"wp:attachment":[{"href":"http:\/\/cafecrem.com\/ca\/wp-json\/wp\/v2\/media?parent=11664"}],"wp:term":[{"taxonomy":"product_brand","embeddable":true,"href":"http:\/\/cafecrem.com\/ca\/wp-json\/wp\/v2\/product_brand?post=11664"},{"taxonomy":"product_cat","embeddable":true,"href":"http:\/\/cafecrem.com\/ca\/wp-json\/wp\/v2\/product_cat?post=11664"},{"taxonomy":"product_tag","embeddable":true,"href":"http:\/\/cafecrem.com\/ca\/wp-json\/wp\/v2\/product_tag?post=11664"}],"curies":[{"name":"wp","href":"https:\/\/api.w.org\/{rel}","templated":true}]}}