{"id":11629,"date":"2020-03-11T15:46:53","date_gmt":"2020-03-11T15:46:53","guid":{"rendered":"https:\/\/cafecrem.shortcode.es\/producto\/express-100-natural\/"},"modified":"2025-03-04T20:01:05","modified_gmt":"2025-03-04T20:01:05","slug":"express-100-natural","status":"publish","type":"product","link":"http:\/\/cafecrem.com\/ca\/producte\/express-100-natural\/","title":{"rendered":"Express \u2013 100% Natural"},"content":{"rendered":"<p><span style=\"color:#2f1a13;font-family:Lato;font-size:15px;text-align:justify;background-color:#ffffff;\">Caf\u00e8 100% Natural. Un caf\u00e8 amb molt de car\u00e0cter i molt vigor\u00f3s. Amb una aroma pronunciada i un cos molt accentuat, gaireb\u00e9 sense notes \u00e0cides.  <\/span><\/p>\n","protected":false},"excerpt":{"rendered":"<p style=\"margin:0px 0px 10px;padding:0px;border:0px;font-size:15px;line-height:20px;font-family:Lato;vertical-align:baseline;color:#2f1a13;background-color:#ffffff;\">Beguda amb una aroma lleugerament pronunciada, la qual destaca pel seu cos ben accentuat i abs\u00e8ncia de notes \u00e0cides. Aquestes caracter\u00edstiques el defineixen com un caf\u00e8 amb car\u00e0cter. <\/p>\n<p style=\"margin:0px 0px 10px;padding:0px;border:0px;font-size:15px;line-height:20px;font-family:Lato;vertical-align:baseline;color:#2f1a13;background-color:#ffffff;text-align:justify;\"><span style=\"margin:0px;padding:0px;border:0px;font-style:inherit;font-variant:inherit;font-weight:bold;font-size:inherit;line-height:inherit;font-family:inherit;vertical-align:baseline;\">Quantitat: <\/span>1KG<br \/><span style=\"margin:0px;padding:0px;border:0px;font-style:inherit;font-variant:inherit;font-weight:bold;font-size:inherit;line-height:inherit;font-family:inherit;vertical-align:baseline;\">Format:<\/span> Bossa<\/p>\n","protected":false},"featured_media":10713,"template":"","meta":{"inline_featured_image":false},"product_brand":[],"product_cat":[485,486],"product_tag":[],"class_list":{"0":"post-11629","1":"product","2":"type-product","3":"status-publish","4":"has-post-thumbnail","6":"product_cat-cafes-ca","7":"product_cat-cafe-crem-en-gra","9":"first","10":"instock","11":"taxable","12":"shipping-taxable","13":"purchasable","14":"product-type-simple"},"_links":{"self":[{"href":"http:\/\/cafecrem.com\/ca\/wp-json\/wp\/v2\/product\/11629","targetHints":{"allow":["GET"]}}],"collection":[{"href":"http:\/\/cafecrem.com\/ca\/wp-json\/wp\/v2\/product"}],"about":[{"href":"http:\/\/cafecrem.com\/ca\/wp-json\/wp\/v2\/types\/product"}],"wp:featuredmedia":[{"embeddable":true,"href":"http:\/\/cafecrem.com\/ca\/wp-json\/wp\/v2\/media\/10713"}],"wp:attachment":[{"href":"http:\/\/cafecrem.com\/ca\/wp-json\/wp\/v2\/media?parent=11629"}],"wp:term":[{"taxonomy":"product_brand","embeddable":true,"href":"http:\/\/cafecrem.com\/ca\/wp-json\/wp\/v2\/product_brand?post=11629"},{"taxonomy":"product_cat","embeddable":true,"href":"http:\/\/cafecrem.com\/ca\/wp-json\/wp\/v2\/product_cat?post=11629"},{"taxonomy":"product_tag","embeddable":true,"href":"http:\/\/cafecrem.com\/ca\/wp-json\/wp\/v2\/product_tag?post=11629"}],"curies":[{"name":"wp","href":"https:\/\/api.w.org\/{rel}","templated":true}]}}