{"id":11626,"date":"2020-03-11T15:50:02","date_gmt":"2020-03-11T15:50:02","guid":{"rendered":"https:\/\/cafecrem.shortcode.es\/producto\/hostaleria-100-natural\/"},"modified":"2025-03-31T14:29:48","modified_gmt":"2025-03-31T14:29:48","slug":"hostaleria-100-natural","status":"publish","type":"product","link":"http:\/\/cafecrem.com\/ca\/producte\/hostaleria-100-natural\/","title":{"rendered":"Hosteleria \u2013 100% Natural"},"content":{"rendered":"<p><span style=\"color: #2f1a13; font-family: Lato; font-size: 15px; text-align: justify; background-color: #ffffff;\">Caf\u00e8 100% Natural amb un blend molt equilibrat entre Ar\u00e1bica i Robusta. Posseeix una aroma lleugerament pronunciada. Destaca pel seu volum a la boca i la seva fr\u00e0gil acidesa, cosa que el converteixen en un caf\u00e8 intens i persistent. <\/span><\/p>\n","protected":false},"excerpt":{"rendered":"<p style=\"margin: 0px 0px 10px; padding: 0px; border: 0px; font-size: 15px; line-height: 20px; font-family: Lato; vertical-align: baseline; color: #2f1a13; background-color: #ffffff;\">Beguda amb una aroma lleugerament pronunciada, la qual destaca pel seu volum a la boca i la seva fr\u00e0gil acidesa. Aix\u00f2 ho converteix en un caf\u00e8 intens i persistent.<\/p>\n<p style=\"margin: 0px 0px 10px; padding: 0px; border: 0px; font-size: 15px; line-height: 20px; font-family: Lato; vertical-align: baseline; color: #2f1a13; background-color: #ffffff; text-align: justify;\"><span style=\"margin: 0px; padding: 0px; border: 0px; font-style: inherit; font-variant: inherit; font-weight: bold; font-size: inherit; line-height: inherit; font-family: inherit; vertical-align: baseline;\">Quantitat: <\/span>1KG<br \/>\n<span style=\"margin: 0px; padding: 0px; border: 0px; font-style: inherit; font-variant: inherit; font-weight: bold; font-size: inherit; line-height: inherit; font-family: inherit; vertical-align: baseline;\">Format:<\/span> Bossa<\/p>\n","protected":false},"featured_media":10715,"template":"","meta":{"inline_featured_image":false},"product_brand":[],"product_cat":[485,486],"product_tag":[],"class_list":{"0":"post-11626","1":"product","2":"type-product","3":"status-publish","4":"has-post-thumbnail","6":"product_cat-cafes-ca","7":"product_cat-cafe-crem-en-gra","9":"first","10":"instock","11":"taxable","12":"shipping-taxable","13":"purchasable","14":"product-type-simple"},"_links":{"self":[{"href":"http:\/\/cafecrem.com\/ca\/wp-json\/wp\/v2\/product\/11626","targetHints":{"allow":["GET"]}}],"collection":[{"href":"http:\/\/cafecrem.com\/ca\/wp-json\/wp\/v2\/product"}],"about":[{"href":"http:\/\/cafecrem.com\/ca\/wp-json\/wp\/v2\/types\/product"}],"wp:featuredmedia":[{"embeddable":true,"href":"http:\/\/cafecrem.com\/ca\/wp-json\/wp\/v2\/media\/10715"}],"wp:attachment":[{"href":"http:\/\/cafecrem.com\/ca\/wp-json\/wp\/v2\/media?parent=11626"}],"wp:term":[{"taxonomy":"product_brand","embeddable":true,"href":"http:\/\/cafecrem.com\/ca\/wp-json\/wp\/v2\/product_brand?post=11626"},{"taxonomy":"product_cat","embeddable":true,"href":"http:\/\/cafecrem.com\/ca\/wp-json\/wp\/v2\/product_cat?post=11626"},{"taxonomy":"product_tag","embeddable":true,"href":"http:\/\/cafecrem.com\/ca\/wp-json\/wp\/v2\/product_tag?post=11626"}],"curies":[{"name":"wp","href":"https:\/\/api.w.org\/{rel}","templated":true}]}}