{"id":11605,"date":"2020-03-11T17:46:04","date_gmt":"2020-03-11T17:46:04","guid":{"rendered":"https:\/\/cafecrem.shortcode.es\/producto\/cafe-crem-descafeinat-100u\/"},"modified":"2025-12-18T18:09:53","modified_gmt":"2025-12-18T18:09:53","slug":"cafe-crem-descafeinat-100u","status":"publish","type":"product","link":"http:\/\/cafecrem.com\/ca\/producte\/cafe-crem-descafeinat-100u\/","title":{"rendered":"Caf\u00e9 Crem Descafe\u00efnat 100u."},"content":{"rendered":"<p style=\"margin: 0px 0px 10px; padding: 0px; border: 0px; font-size: 15px; line-height: 20px; font-family: Lato; vertical-align: baseline; color: #2f1a13; background-color: #ffffff;\">Caf\u00e8 DESCAFE\u00cfNAT amb el mateix caf\u00e8 100% Natural. En format blend. Realitzat a les nostres finques seleccionades. Aquest caf\u00e8 \u00e9s el m\u00e9s indicat per a locals definits com a Cafeteria per la seva gran producci\u00f3 de crema.<\/p>\n<p style=\"margin: 0px 0px 10px; padding: 0px; border: 0px; font-size: 15px; line-height: 20px; font-family: Lato; vertical-align: baseline; color: #2f1a13; background-color: #ffffff;\">Molt valorat pels amants de caf\u00e8s ristretts o curts i, de gran cos per a begudes amb llet, cappuccino o caf\u00e8 amb llet tradicional.<\/p>\n","protected":false},"excerpt":{"rendered":"<p class=\"p1\" style=\"margin: 0px 0px 10px; padding: 0px; border: 0px; font-size: 15px; line-height: 20px; font-family: Lato; vertical-align: baseline; color: #2f1a13; background-color: #ffffff;\"><span class=\"s1\" style=\"margin: 0px; padding: 0px; border: 0px; font: inherit; vertical-align: baseline;\">Tot el sabor i aroma de Caf\u00e9 Crem Descafe\u00efnat en gra en format c\u00e0psula professional Espresso Pro. Amb una gran practicitat dins de l&#8217;hostaleria.<\/span><\/p>\n<p style=\"margin: 0px 0px 10px; padding: 0px; border: 0px; font-size: 15px; line-height: 20px; font-family: Lato; vertical-align: baseline; color: #2f1a13; background-color: #ffffff;\"><span style=\"margin: 0px; padding: 0px; border: 0px; font-style: inherit; font-variant: inherit; font-weight: bold; font-size: inherit; line-height: inherit; font-family: inherit; vertical-align: baseline;\">Format:<\/span> C\u00e0psules<br \/>\n<span style=\"margin: 0px; padding: 0px; border: 0px; font-style: inherit; font-variant: inherit; font-weight: bold; font-size: inherit; line-height: inherit; font-family: inherit; vertical-align: baseline;\">Presentaci\u00f3:<\/span> Caixa de 100 unitats<\/p>\n","protected":false},"featured_media":10765,"template":"","meta":{"inline_featured_image":false},"product_brand":[],"product_cat":[519,485],"product_tag":[],"class_list":{"0":"post-11605","1":"product","2":"type-product","3":"status-publish","4":"has-post-thumbnail","6":"product_cat-capsula-professional-espresso-point","7":"product_cat-cafes-ca","9":"first","10":"instock","11":"taxable","12":"shipping-taxable","13":"purchasable","14":"product-type-simple"},"_links":{"self":[{"href":"http:\/\/cafecrem.com\/ca\/wp-json\/wp\/v2\/product\/11605","targetHints":{"allow":["GET"]}}],"collection":[{"href":"http:\/\/cafecrem.com\/ca\/wp-json\/wp\/v2\/product"}],"about":[{"href":"http:\/\/cafecrem.com\/ca\/wp-json\/wp\/v2\/types\/product"}],"wp:featuredmedia":[{"embeddable":true,"href":"http:\/\/cafecrem.com\/ca\/wp-json\/wp\/v2\/media\/10765"}],"wp:attachment":[{"href":"http:\/\/cafecrem.com\/ca\/wp-json\/wp\/v2\/media?parent=11605"}],"wp:term":[{"taxonomy":"product_brand","embeddable":true,"href":"http:\/\/cafecrem.com\/ca\/wp-json\/wp\/v2\/product_brand?post=11605"},{"taxonomy":"product_cat","embeddable":true,"href":"http:\/\/cafecrem.com\/ca\/wp-json\/wp\/v2\/product_cat?post=11605"},{"taxonomy":"product_tag","embeddable":true,"href":"http:\/\/cafecrem.com\/ca\/wp-json\/wp\/v2\/product_tag?post=11605"}],"curies":[{"name":"wp","href":"https:\/\/api.w.org\/{rel}","templated":true}]}}