{"id":11483,"date":"2020-07-14T09:50:04","date_gmt":"2020-07-14T09:50:04","guid":{"rendered":"https:\/\/cafecrem.shortcode.es\/producto\/tancat-10-capsules-compostables-compatibles-nespresso\/"},"modified":"2026-03-23T13:40:39","modified_gmt":"2026-03-23T13:40:39","slug":"tancat-10-capsules-compostables-compatibles-nespresso","status":"publish","type":"product","link":"http:\/\/cafecrem.com\/ca\/producte\/tancat-10-capsules-compostables-compatibles-nespresso\/","title":{"rendered":"Cerrado &#8211; 10 C\u00e0psules Compostables Compatibles NESPRESSO*"},"content":{"rendered":"<p><img decoding=\"async\" class=\" size-full wp-image-9401\" src=\"https:\/\/cafecrem.com\/wp-content\/uploads\/2020\/07\/cms_Capsulas-compostables-Nespresso_cerradoSINBOTON-capsulas-compostables-scaled.jpg\" alt=\"c\u00e0psules compostables\" width=\"100%\" srcset=\"http:\/\/cafecrem.com\/wp-content\/uploads\/2020\/07\/cms_Capsulas-compostables-Nespresso_cerradoSINBOTON-capsulas-compostables-scaled.jpg 2560w, http:\/\/cafecrem.com\/wp-content\/uploads\/2020\/07\/cms_Capsulas-compostables-Nespresso_cerradoSINBOTON-capsulas-compostables-scaled-768x512.jpg 768w, http:\/\/cafecrem.com\/wp-content\/uploads\/2020\/07\/cms_Capsulas-compostables-Nespresso_cerradoSINBOTON-capsulas-compostables-scaled-800x534.jpg 800w\" sizes=\"(max-width: 2560px) 100vw, 2560px\" \/><\/p>\n<p>En degustar una tassa de Caf\u00e8 Crem, gaudiu d&#8217;un producte que ha estat sotm\u00e8s als controls de qualitat m\u00e9s estrictes per part del nostre equip d&#8217;experts. Aquests controls es fan \u201cin situ\u201d de forma presencial, a peu de les plantacions. Nom\u00e9s aix\u00ed aconseguim el millor caf\u00e8 per al gaudi dels nostres clients.<\/p>\n<p>Aix\u00ed mateix, estar presents a la finca ens permet controlar les condicions de vida i laborals de tots els treballadors, assegurant-nos que s\u00f3n les correctes.<\/p>\n<p>La zona de Cerrado es troba situada a l&#8217;estat de Mines Gerais, al sud-est del Brasil. Belo Horizonte \u00e9s la seva capital. La seva altitud mitjana de 1.040 metres i la seva orografia plana faciliten les pr\u00e0ctiques culturals cafetaleres.<\/p>\n<p>A m\u00e9s, Cerrado posseeix un clima molt estable amb unes temperatures molt constants, cosa que ajuda a la maduraci\u00f3 del fruit. Aquesta maduraci\u00f3 \u00e9s molt uniforme, ja que en \u00e8poca de recol\u00b7lecci\u00f3 no plou i el fruit s&#8217;hidrata de manera progressiva i no precipitada. L&#8217;\u00e8poca de collita a Cerrado \u00e9s des del juny fins al setembre.<\/p>\n<p>Ara assaboriu i gaudiu de la seva tassa de caf\u00e8, nosaltres hem fet la resta.<\/p>\n<p><strong>NOTA DE TAST:<\/strong><\/p>\n<p>Amb una aroma pronunciada, destaca per la seva perfecta harmonia entre l&#8217;acidesa i el cos, amb una dol\u00e7or ben marcada i amb postgust prolongat, que el converteix en un caf\u00e8 molt equilibrat i rod\u00f3 en boca.<\/p>\n<p><strong>DADES T\u00c8CNIQUES:<\/strong><\/p>\n<p>Cafetals per hect\u00e0rea: entre 3.500 i 5.000.<br \/>\nPluviometria: 2.038 mm anuals.<br \/>\nTemperatura de la zona:<\/p>\n<ul style=\"list-style-type: disc;\">\n<li>M\u00ednima: mitjana de 16,5\u00b0C<\/li>\n<li>M\u00e0xima: mitjana de 26,1\u00b0C<\/li>\n<\/ul>\n<p>Esp\u00e8cie bot\u00e0nica: Ar\u00e0biga.<br \/>\nVarietats bot\u00e0niques: Caturra i Mondo Novo.<br \/>\nTipus de reg de la finca: Natural, aprofitant l&#8217;aigua de pluja.<br \/>\nRecol\u00b7lecci\u00f3: Selectiva.<\/p>\n<p>S&#8217;efectuen 4 passades per cafeto, un 20% de forma manual i un 80% de forma mec\u00e0nica.<\/p>\n<p><strong>PRODUCTE RESPECTU\u00d3S AMB EL MEDI AMBIENT.<\/strong><\/p>\n","protected":false},"excerpt":{"rendered":"<p><strong>PRODUCTE:<\/strong> 10 c\u00e0psules <strong style=\"color: #008000;\">compostables <\/strong>de caf\u00e8 Ar\u00e0biga 100%.<br \/>\n<strong>ORIGEN:<\/strong> Cerrado (Regi\u00f3 de Brasil).<br \/>\n<strong>SISTEMA:<\/strong> C\u00e0psules herm\u00e8tiques compatibles amb m\u00e0quines Nespresso* i envasades en atmosfera protectora.<br \/>\n<strong>RECICLATGE:<\/strong> Producte totalment reciclable (les c\u00e0psules i l&#8217;embolcall).<\/p>\n","protected":false},"featured_media":11165,"template":"","meta":{"inline_featured_image":false},"product_brand":[],"product_cat":[492,485],"product_tag":[493,494,496,497,495],"class_list":{"0":"post-11483","1":"product","2":"type-product","3":"status-publish","4":"has-post-thumbnail","6":"product_cat-capsula-compatible-nespresso-ca","7":"product_cat-cafes-ca","8":"product_tag-arabica-ca","9":"product_tag-capsula-ca","10":"product_tag-compatible-ca","11":"product_tag-compostable-ca","12":"product_tag-nespresso-ca","14":"first","15":"instock","16":"taxable","17":"shipping-taxable","18":"purchasable","19":"product-type-simple"},"_links":{"self":[{"href":"http:\/\/cafecrem.com\/ca\/wp-json\/wp\/v2\/product\/11483","targetHints":{"allow":["GET"]}}],"collection":[{"href":"http:\/\/cafecrem.com\/ca\/wp-json\/wp\/v2\/product"}],"about":[{"href":"http:\/\/cafecrem.com\/ca\/wp-json\/wp\/v2\/types\/product"}],"wp:featuredmedia":[{"embeddable":true,"href":"http:\/\/cafecrem.com\/ca\/wp-json\/wp\/v2\/media\/11165"}],"wp:attachment":[{"href":"http:\/\/cafecrem.com\/ca\/wp-json\/wp\/v2\/media?parent=11483"}],"wp:term":[{"taxonomy":"product_brand","embeddable":true,"href":"http:\/\/cafecrem.com\/ca\/wp-json\/wp\/v2\/product_brand?post=11483"},{"taxonomy":"product_cat","embeddable":true,"href":"http:\/\/cafecrem.com\/ca\/wp-json\/wp\/v2\/product_cat?post=11483"},{"taxonomy":"product_tag","embeddable":true,"href":"http:\/\/cafecrem.com\/ca\/wp-json\/wp\/v2\/product_tag?post=11483"}],"curies":[{"name":"wp","href":"https:\/\/api.w.org\/{rel}","templated":true}]}}