{"id":11269,"date":"2020-02-17T16:38:04","date_gmt":"2020-02-17T16:38:04","guid":{"rendered":"https:\/\/cafecrem.shortcode.es\/professionals\/"},"modified":"2025-03-06T18:32:11","modified_gmt":"2025-03-06T18:32:11","slug":"professionals","status":"publish","type":"page","link":"http:\/\/cafecrem.com\/ca\/professionals\/","title":{"rendered":"Professionals"},"content":{"rendered":"<div class=\"wpb-content-wrapper\">[vc_row css=&#8221;.vc_custom_1740755972871{margin-top: -90px !important;}&#8221;][vc_column css=&#8221;.vc_custom_1740755983796{margin-top: -100px !important;}&#8221;]\n\t\t\t<!-- START PROFESIONALES_Cat REVOLUTION SLIDER 6.7.41 --><p class=\"rs-p-wp-fix\"><\/p>\n\t\t\t<rs-module-wrap id=\"rev_slider_25_1_wrapper\" data-source=\"gallery\" style=\"visibility:hidden;background:transparent;padding:0;\">\n\t\t\t\t<rs-module id=\"rev_slider_25_1\" style=\"\" data-version=\"6.7.41\">\n\t\t\t\t\t<rs-slides style=\"overflow: hidden; position: absolute;\">\n\t\t\t\t\t\t<rs-slide style=\"position: absolute;\" data-key=\"rs-38\" data-title=\"Slide\" data-anim=\"adpr:false;\" data-in=\"o:0;\" data-out=\"a:false;\">\n\t\t\t\t\t\t\t<img decoding=\"async\" src=\"\/\/cafecrem.com\/wp-content\/plugins\/revslider\/sr6\/assets\/assets\/dummy.png\" alt=\"\" title=\"profesionales\" width=\"1921\" height=\"869\" class=\"rev-slidebg tp-rs-img rs-lazyload\" data-lazyload=\"\/\/cafecrem.com\/wp-content\/uploads\/2020\/02\/profesionales.jpg\" data-bg=\"p:center bottom;\" data-no-retina>\n<!--\n\t\t\t\t\t\t\t--><a\n\t\t\t\t\t\t\t\tid=\"slider-25-slide-38-layer-11\" \n\t\t\t\t\t\t\t\tclass=\"rs-layer rev-btn\"\n\t\t\t\t\t\t\t\thref=\"https:\/\/cafecrem.shortcode.es\/ca\/botiga\/\" target=\"_self\"\n\t\t\t\t\t\t\t\tdata-type=\"button\"\n\t\t\t\t\t\t\t\tdata-color=\"rgba(255,255,255,1)\"\n\t\t\t\t\t\t\t\tdata-xy=\"y:546px;\"\n\t\t\t\t\t\t\t\tdata-text=\"s:17;l:17;fw:500;a:inherit;\"\n\t\t\t\t\t\t\t\tdata-rsp_bd=\"off\"\n\t\t\t\t\t\t\t\tdata-padding=\"t:12;r:35;b:12;l:35;\"\n\t\t\t\t\t\t\t\tdata-frame_1=\"st:490;sR:490;\"\n\t\t\t\t\t\t\t\tdata-frame_999=\"o:0;st:w;sR:8210;\"\n\t\t\t\t\t\t\t\tdata-frame_hover=\"bgc:#6e221c;boc:#000;bor:0px,0px,0px,0px;bos:solid;oX:50;oY:50;sp:0;e:none;\"\n\t\t\t\t\t\t\t\tstyle=\"z-index:5;background-color:#000000;font-family:'Roboto';cursor:pointer;outline:none;box-shadow:none;box-sizing:border-box;-moz-box-sizing:border-box;-webkit-box-sizing:border-box;\"\n\t\t\t\t\t\t\t>VEURE PRODUCTES \n\t\t\t\t\t\t\t<\/a><!--\n\n\t\t\t\t\t\t\t--><rs-layer\n\t\t\t\t\t\t\t\tid=\"slider-25-slide-38-layer-16\" \n\t\t\t\t\t\t\t\tdata-type=\"text\"\n\t\t\t\t\t\t\t\tdata-color=\"#ffffff\"\n\t\t\t\t\t\t\t\tdata-rsp_ch=\"on\"\n\t\t\t\t\t\t\t\tdata-xy=\"x:c;xo:307px;y:292px;\"\n\t\t\t\t\t\t\t\tdata-text=\"l:22;a:inherit;\"\n\t\t\t\t\t\t\t\tdata-dim=\"w:560px;\"\n\t\t\t\t\t\t\t\tdata-frame_1=\"st:1340;sR:1340;\"\n\t\t\t\t\t\t\t\tdata-frame_999=\"o:0;st:w;sR:7360;\"\n\t\t\t\t\t\t\t\tstyle=\"z-index:6;font-family:'Open Sans';\"\n\t\t\t\t\t\t\t>\n<div class=\"wpcf7 no-js\" id=\"wpcf7-f11315-o1\" lang=\"es-ES\" dir=\"ltr\" data-wpcf7-id=\"11315\">\n<div class=\"screen-reader-response\"><p role=\"status\" aria-live=\"polite\" aria-atomic=\"true\"><\/p> <ul><\/ul><\/div>\n<form action=\"\/ca\/wp-json\/wp\/v2\/pages\/11269#wpcf7-f11315-o1\" method=\"post\" class=\"wpcf7-form init\" aria-label=\"Formulario de contacto\" novalidate=\"novalidate\" data-status=\"init\">\n<fieldset class=\"hidden-fields-container\"><input type=\"hidden\" name=\"_wpcf7\" value=\"11315\" \/><input type=\"hidden\" name=\"_wpcf7_version\" value=\"6.1.5\" \/><input type=\"hidden\" name=\"_wpcf7_locale\" value=\"es_ES\" \/><input type=\"hidden\" name=\"_wpcf7_unit_tag\" value=\"wpcf7-f11315-o1\" \/><input type=\"hidden\" name=\"_wpcf7_container_post\" value=\"0\" \/><input type=\"hidden\" name=\"_wpcf7_posted_data_hash\" value=\"\" \/><input type=\"hidden\" name=\"_wpcf7_recaptcha_response\" value=\"\" \/>\n<\/fieldset>\n<p><span class=\"wpcf7-form-control-wrap\" data-name=\"nombre\"><input size=\"40\" maxlength=\"400\" class=\"wpcf7-form-control wpcf7-text wpcf7-validates-as-required\" aria-required=\"true\" aria-invalid=\"false\" placeholder=\"Nom*\" value=\"\" type=\"text\" name=\"nombre\" \/><\/span><span class=\"wpcf7-form-control-wrap\" data-name=\"email-668\"><input size=\"40\" maxlength=\"400\" class=\"wpcf7-form-control wpcf7-email wpcf7-validates-as-required wpcf7-text wpcf7-validates-as-email\" aria-required=\"true\" aria-invalid=\"false\" placeholder=\"Email*\" value=\"\" type=\"email\" name=\"email-668\" \/><\/span><br \/>\n<span class=\"wpcf7-form-control-wrap\" data-name=\"tel\"><input size=\"40\" maxlength=\"400\" class=\"wpcf7-form-control wpcf7-text\" aria-invalid=\"false\" placeholder=\"Tel\u00e8fon\" value=\"\" type=\"text\" name=\"tel\" \/><\/span><span class=\"wpcf7-form-control-wrap\" data-name=\"empresa\"><input size=\"40\" maxlength=\"400\" class=\"wpcf7-form-control wpcf7-text\" aria-invalid=\"false\" placeholder=\"Empresa\" value=\"\" type=\"text\" name=\"empresa\" \/><\/span><br \/>\n<span class=\"wpcf7-form-control-wrap\" data-name=\"textarea-165\"><textarea cols=\"40\" rows=\"10\" maxlength=\"2000\" class=\"wpcf7-form-control wpcf7-textarea wpcf7-validates-as-required\" aria-required=\"true\" aria-invalid=\"false\" placeholder=\"Missatge\" name=\"textarea-165\"><\/textarea><\/span>\n<\/p>\n<p><span class=\"wpcf7-form-control-wrap\" data-name=\"acceptance-236\"><span class=\"wpcf7-form-control wpcf7-acceptance\"><span class=\"wpcf7-list-item\"><label><input type=\"checkbox\" name=\"acceptance-236\" value=\"1\" aria-invalid=\"false\" \/><span class=\"wpcf7-list-item-label\">He llegit i accepto els <a href=\"https:\/\/cafecrem.com\/terminos-y-condiciones-de-uso\/\" target=\"_blank\" rel=\"noopener\">Termes i Condicions d'\u00fas<\/a><\/span><\/label><\/span><\/span><\/span><br \/>\n<span class=\"wpcf7-form-control-wrap\" data-name=\"acceptance-237\"><span class=\"wpcf7-form-control wpcf7-acceptance\"><span class=\"wpcf7-list-item\"><label><input type=\"checkbox\" name=\"acceptance-237\" value=\"1\" aria-invalid=\"false\" \/><span class=\"wpcf7-list-item-label\">He llegit i accepto <a href=\"https:\/\/cafecrem.com\/clausula-informativa-lopd-y-lssi-ce\/\" target=\"_blank\" rel=\"noopener\">les Condicions<\/a> per rebre<br>publicitat o informaci\u00f3 promocional de<br>GRUP DE DISTRIBUCI\u00d3 COSTA BRAVA SA<\/span><\/label><\/span><\/span><\/span>\n<\/p>\n<p><input class=\"wpcf7-form-control wpcf7-submit has-spinner\" type=\"submit\" value=\"Enviar\" \/>\n<\/p><div class=\"wpcf7-response-output\" aria-hidden=\"true\"><\/div>\n<\/form>\n<\/div>\n \n\t\t\t\t\t\t\t<\/rs-layer><!--\n\n\t\t\t\t\t\t\t--><rs-layer\n\t\t\t\t\t\t\t\tid=\"slider-25-slide-38-layer-17\" \n\t\t\t\t\t\t\t\tdata-type=\"text\"\n\t\t\t\t\t\t\t\tdata-color=\"#ffffff\"\n\t\t\t\t\t\t\t\tdata-rsp_ch=\"on\"\n\t\t\t\t\t\t\t\tdata-xy=\"x:c;xo:307px;y:c;yo:-212px;\"\n\t\t\t\t\t\t\t\tdata-text=\"s:38;l:80;a:inherit;\"\n\t\t\t\t\t\t\t\tdata-frame_1=\"st:810;sp:540;sR:810;\"\n\t\t\t\t\t\t\t\tdata-frame_999=\"o:0;st:w;sR:7650;\"\n\t\t\t\t\t\t\t\tstyle=\"z-index:7;font-family:'Montserrat';\"\n\t\t\t\t\t\t\t>Contacti amb nosaltres \n\t\t\t\t\t\t\t<\/rs-layer><!--\n\n\t\t\t\t\t\t\t--><rs-layer\n\t\t\t\t\t\t\t\tid=\"slider-25-slide-38-layer-18\" \n\t\t\t\t\t\t\t\tclass=\"tp-shape tp-shapewrapper\"\n\t\t\t\t\t\t\t\tdata-type=\"shape\"\n\t\t\t\t\t\t\t\tdata-rsp_ch=\"on\"\n\t\t\t\t\t\t\t\tdata-xy=\"x:c;xo:307px;y:254px;\"\n\t\t\t\t\t\t\t\tdata-text=\"fw:600;a:inherit;\"\n\t\t\t\t\t\t\t\tdata-dim=\"w:550px;h:3px;\"\n\t\t\t\t\t\t\t\tdata-frame_1=\"st:1210;sR:1210;\"\n\t\t\t\t\t\t\t\tdata-frame_999=\"o:0;st:w;sR:7490;\"\n\t\t\t\t\t\t\t\tstyle=\"z-index:8;background-color:#ffffff;\"\n\t\t\t\t\t\t\t> \n\t\t\t\t\t\t\t<\/rs-layer><!--\n\n\t\t\t\t\t\t\t--><rs-layer\n\t\t\t\t\t\t\t\tid=\"slider-25-slide-38-layer-21\" \n\t\t\t\t\t\t\t\tdata-type=\"text\"\n\t\t\t\t\t\t\t\tdata-color=\"#ffffff\"\n\t\t\t\t\t\t\t\tdata-rsp_ch=\"on\"\n\t\t\t\t\t\t\t\tdata-xy=\"y:c;yo:-46px;\"\n\t\t\t\t\t\t\t\tdata-text=\"s:24;l:28;fw:300;\"\n\t\t\t\t\t\t\t\tdata-frame_1=\"sp:1500;sR:10;\"\n\t\t\t\t\t\t\t\tdata-frame_999=\"o:0;st:w;sR:7490;\"\n\t\t\t\t\t\t\t\tstyle=\"z-index:9;font-family:'Montserrat';\"\n\t\t\t\t\t\t\t>Si vost\u00e8 \u00e9s un client que vol servir el millor caf\u00e8<br>o est\u00e0 iniciant un nou negoci,<br>permeti'ns acompanyar-lo en el proc\u00e9s<br>i arrencada de la m\u00e0 d'un l\u00edder.<br><br>\n\nDisposem d'una gran varietat de productes<br>que s'adaptaran a les vostres necessitats<br>tant en qualitat com en rendibilitat. \n\t\t\t\t\t\t\t<\/rs-layer><!--\n-->\t\t\t\t\t<\/rs-slide>\n\t\t\t\t\t<\/rs-slides>\n\t\t\t\t<\/rs-module>\n\t\t\t\t<script>\n\t\t\t\t\tsetREVStartSize({c: 'rev_slider_25_1',rl:[1240,1024,778,480],el:[868],gw:[1340],gh:[868],type:'hero',justify:'',layout:'fullscreen',offsetContainer:'',offset:'',mh:\"0\"});if (window.RS_MODULES!==undefined && window.RS_MODULES.modules!==undefined && window.RS_MODULES.modules[\"revslider251\"]!==undefined) {window.RS_MODULES.modules[\"revslider251\"].once = false;window.revapi25 = undefined;if (window.RS_MODULES.checkMinimal!==undefined) window.RS_MODULES.checkMinimal()}\n\t\t\t\t<\/script>\n\t\t\t<\/rs-module-wrap>\n\t\t\t<!-- END REVOLUTION SLIDER -->\n[\/vc_column][\/vc_row][vc_row disable_element=&#8221;yes&#8221;][vc_column][vc_empty_space height=&#8221;62px&#8221;][\/vc_column][\/vc_row][vc_row disable_element=&#8221;yes&#8221;][vc_column][vc_column_text css=&#8221;.vc_custom_1589924452350{margin-bottom: 0px !important;}&#8221;]\n<h2 style=\"text-align: center;\">Per a clients professionals<\/h2>\n[\/vc_column_text][vc_empty_space][\/vc_column][\/vc_row][vc_row disable_element=&#8221;yes&#8221;][vc_column width=&#8221;1\/2&#8243;][vc_single_image image=&#8221;8154&#8243; img_size=&#8221;full&#8221;][\/vc_column][vc_column width=&#8221;1\/2&#8243;][vc_column_text css=&#8221;.vc_custom_1589924440202{margin-bottom: 0px !important;}&#8221;]Si vost\u00e8 \u00e9s un client que vol servir el millor caf\u00e8 o est\u00e0 iniciant un nou negoci, permeti&#8217;ns acompanyar-lo en el proc\u00e9s i arrancada de la m\u00e0 d&#8217;un l\u00edder.<\/p>\n<p>Disposem d&#8217;una gran varietat de productes que s&#8217;adaptaran a les vostres necessitats tant en qualitat com en rendibilitat.[\/vc_column_text][\/vc_column][\/vc_row]\n<\/div>","protected":false},"excerpt":{"rendered":"<p>[vc_row css=&#8221;.vc_custom_1740755972871{margin-top: -90px !important;}&#8221;][vc_column css=&#8221;.vc_custom_1740755983796{margin-top: -100px !important;}&#8221;][\/vc_column][\/vc_row][vc_row disable_element=&#8221;yes&#8221;][vc_column][vc_empty_space height=&#8221;62px&#8221;][\/vc_column][\/vc_row][vc_row disable_element=&#8221;yes&#8221;][vc_column][vc_column_text css=&#8221;.vc_custom_1589924452350{margin-bottom: 0px !important;}&#8221;] Per a clients professionals [\/vc_column_text][vc_empty_space][\/vc_column][\/vc_row][vc_row disable_element=&#8221;yes&#8221;][vc_column width=&#8221;1\/2&#8243;][vc_single_image image=&#8221;8154&#8243; img_size=&#8221;full&#8221;][\/vc_column][vc_column width=&#8221;1\/2&#8243;][vc_column_text css=&#8221;.vc_custom_1589924440202{margin-bottom: 0px !important;}&#8221;]Si vost\u00e8 \u00e9s un client que vol servir el millor caf\u00e8 o est\u00e0 iniciant un nou negoci, permeti&#8217;ns acompanyar-lo en el proc\u00e9s i arrancada de la m\u00e0 d&#8217;un l\u00edder. Disposem [&hellip;]<\/p>\n","protected":false},"author":1,"featured_media":0,"parent":0,"menu_order":0,"comment_status":"closed","ping_status":"closed","template":"","meta":{"inline_featured_image":false,"footnotes":""},"class_list":["post-11269","page","type-page","status-publish","hentry"],"_links":{"self":[{"href":"http:\/\/cafecrem.com\/ca\/wp-json\/wp\/v2\/pages\/11269","targetHints":{"allow":["GET"]}}],"collection":[{"href":"http:\/\/cafecrem.com\/ca\/wp-json\/wp\/v2\/pages"}],"about":[{"href":"http:\/\/cafecrem.com\/ca\/wp-json\/wp\/v2\/types\/page"}],"author":[{"embeddable":true,"href":"http:\/\/cafecrem.com\/ca\/wp-json\/wp\/v2\/users\/1"}],"replies":[{"embeddable":true,"href":"http:\/\/cafecrem.com\/ca\/wp-json\/wp\/v2\/comments?post=11269"}],"version-history":[{"count":2,"href":"http:\/\/cafecrem.com\/ca\/wp-json\/wp\/v2\/pages\/11269\/revisions"}],"predecessor-version":[{"id":11767,"href":"http:\/\/cafecrem.com\/ca\/wp-json\/wp\/v2\/pages\/11269\/revisions\/11767"}],"wp:attachment":[{"href":"http:\/\/cafecrem.com\/ca\/wp-json\/wp\/v2\/media?parent=11269"}],"curies":[{"name":"wp","href":"https:\/\/api.w.org\/{rel}","templated":true}]}}